{"id":1193,"date":"2019-06-13T03:34:39","date_gmt":"2019-06-13T05:34:39","guid":{"rendered":"http:\/\/sprinteksas.lt\/?page_id=1193"},"modified":"2026-01-28T06:35:52","modified_gmt":"2026-01-28T08:35:52","slug":"lipniu-etikeciu-ruosiniai","status":"publish","type":"page","link":"https:\/\/sprinteksas.lt\/en\/sticky-label-blanks\/","title":{"rendered":"Sticky label blanks"},"content":{"rendered":"<p>[vc_row full_width=&#8221;stretch_row&#8221; css=&#8221;.vc_custom_1560400246881{padding-top: 0% !important;padding-bottom: 6% !important;}&#8221; el_class=&#8221;our-services-1&#8243;][vc_column][vc_row_inner][vc_column_inner]                        <div class=\"  \">\n                <div class=\"banner-shortcode-wrap style_2 \">\n    <div class=\"banner-content-wrap clearfix right\">\n                    <div class=\"banner-image\">\n                <img decoding=\"async\" src=\"https:\/\/sprinteksas.lt\/wp-content\/uploads\/2019\/05\/Ruo\u0161iniai.png\" alt=\"Sticky label\">\n            <\/div>\n                <div class=\"banner-content-inner\">\n            <div class=\"banner-content\">\n                 \n                                    <h6 class=\"banner-title \">Sticky label<span class=\"banner-sub-title\">blanks<\/span><\/h6>\n                                                    <p class=\"banner-description\">Sticky label blanks are sticky white labels. Pressing on them is carried out by thermal transfer with color strips on printers. Various sticker formats are available. We have a large selection of rectangular or spec-shaped stickers. If required, we can produce your desired sticker form.<\/p>\n                            \n            <\/div>\n        <\/div>\n    <\/div>\n<\/div>            <\/div>\n                    [\/vc_column_inner][\/vc_row_inner][vc_row_inner][vc_column_inner]                        <div class=\"  \">\n                <div class=\"banner-shortcode-wrap style_2 \">\n    <div class=\"banner-content-wrap clearfix left\">\n                    <div class=\"banner-image\">\n                <img decoding=\"async\" src=\"https:\/\/sprinteksas.lt\/wp-content\/uploads\/2019\/07\/Termo.jpg\" alt=\"Thermal label\">\n            <\/div>\n                <div class=\"banner-content-inner\">\n            <div class=\"banner-content\">\n                 \n                                    <h6 class=\"banner-title \">Thermal label<span class=\"banner-sub-title\">templates<\/span><\/h6>\n                                                    <p class=\"banner-description\">Thermal label templates are labels for thermo printers or scales when the sticker is made of thermal paper. In this case, you do not need to use an additional coloring strips. However, such a label is sensitive to light or heat, and the printed texts do not last for a long. This is a sticker for short-term use. Various types of adhesives are available: easily removable, which does not leave any traces of glue and easily detached, standard, reinforced and refrigerated to withstand minus temperatures.<\/p>\n                            \n            <\/div>\n        <\/div>\n    <\/div>\n<\/div>            <\/div>\n                    [\/vc_column_inner][\/vc_row_inner][vc_row_inner][vc_column_inner]                        <div class=\"  \">\n                <div class=\"banner-shortcode-wrap style_2 \">\n    <div class=\"banner-content-wrap clearfix right\">\n                    <div class=\"banner-image\">\n                <img decoding=\"async\" src=\"https:\/\/sprinteksas.lt\/wp-content\/uploads\/2019\/07\/Ruo\u0161iniai-i\u0161-speciali\u0173-med\u017eiag\u0173.jpg\" alt=\"Stickers from\">\n            <\/div>\n                <div class=\"banner-content-inner\">\n            <div class=\"banner-content\">\n                 \n                                    <h6 class=\"banner-title \">Stickers from<span class=\"banner-sub-title\">special materials<\/span><\/h6>\n                                                    <p class=\"banner-description\">We can also produce stickers from glossy paper, glossy, matte film. Other materials such as metallized silver or gold paper are also available. For the electrical and chemical industry we can offer metallized film with spec. glue, etc.<\/p>\n                            \n            <\/div>\n        <\/div>\n    <\/div>\n<\/div>            <\/div>\n                    [\/vc_column_inner][\/vc_row_inner][vc_row_inner][vc_column_inner]                        <div class=\"  \">\n                <div class=\"banner-shortcode-wrap style_2 \">\n    <div class=\"banner-content-wrap clearfix left\">\n                    <div class=\"banner-image\">\n                <img decoding=\"async\" src=\"https:\/\/sprinteksas.lt\/wp-content\/uploads\/2019\/07\/da\u017ejuoste.jpg\" alt=\"Ink\">\n            <\/div>\n                <div class=\"banner-content-inner\">\n            <div class=\"banner-content\">\n                 \n                                    <h6 class=\"banner-title \">Ink<span class=\"banner-sub-title\">ribbons <\/span><\/h6>\n                                                    <p class=\"banner-description\">We can offer you ink ribbons for all types of printers. Depending on what surfaces you need to print on - matte, glossy paper, film, cardboard or textile tapes. Ink ribbons for hot pressing are also available. Wide choice of colors is available.<\/p>\n                            \n            <\/div>\n        <\/div>\n    <\/div>\n<\/div>            <\/div>\n                    [\/vc_column_inner][\/vc_row_inner][vc_row_inner][vc_column_inner]                        <div class=\"  \">\n                <div class=\"banner-shortcode-wrap style_2 \">\n    <div class=\"banner-content-wrap clearfix right\">\n                    <div class=\"banner-image\">\n                <img decoding=\"async\" src=\"https:\/\/sprinteksas.lt\/wp-content\/uploads\/2019\/07\/Darzovine-juostele.jpg\" alt=\"Labels for vegetables\">\n            <\/div>\n                <div class=\"banner-content-inner\">\n            <div class=\"banner-content\">\n                 \n                                    <h6 class=\"banner-title \">Labels for vegetables<span class=\"banner-sub-title\">- blanks<\/span><\/h6>\n                                                    <p class=\"banner-description\">We produce tapes intended for packing and marking vegetables, on which the customers themselves can print any information. This can also be special shaped labels or a continuous tape. Its surface is resistant to moisture and dirt as it is covered with film. On the we can print your logo, address or other information you need.<\/p>\n                            \n            <\/div>\n        <\/div>\n    <\/div>\n<\/div>            <\/div>\n                    [\/vc_column_inner][\/vc_row_inner][\/vc_column][\/vc_row][vc_row full_width=&#8221;stretch_row&#8221; css=&#8221;.vc_custom_1560400122232{padding-top: 5% !important;padding-bottom: 1% !important;background-color: #f9f9f9 !important;}&#8221; el_id=&#8221;paslaugos&#8221;][vc_column css=&#8221;.vc_custom_1560400028709{padding-top: 0px !important;}&#8221;][vc_row_inner content_placement=&#8221;middle&#8221; css=&#8221;.vc_custom_1560400048039{padding-top: 0px !important;}&#8221;][vc_column_inner width=&#8221;3\/4&#8243;]            \n            <div class=\" \">\n                    <div class=\"icon-box-shortcode-wrap style_5 \">\n        <div class=\"icon-box-container\">\n                    <div class=\"icon-wrap\" style=\"color:#ef6b01\">\n                <span class=\"vc-oi vc-oi-comment\"><\/span>\n            <\/div>    \n                    <div class=\"icon-content\">\n                <h5 class=\"icon-title\">\n                                        Domina m\u016bs\u0173 teikiamos paslaugos?                                    <\/h5>\n                <p class=\"icon-description\"><\/p>\n            <\/div>\n        <\/div>\n    <\/div>\n            <\/div>\n            \n        [\/vc_column_inner][vc_column_inner width=&#8221;1\/4&#8243;][vc_column_text]<\/p>\n<p style=\"text-align: right;\"><a class=\"revo_button_1\" href=\"\/kontaktai\">Susisiekite<\/a><\/p>\n<p>[\/vc_column_text][\/vc_column_inner][\/vc_row_inner][\/vc_column][\/vc_row]<\/p>","protected":false},"excerpt":{"rendered":"<p>[vc_row full_width=&#8221;stretch_row&#8221; css=&#8221;.vc_custom_1560400246881{padding-top: 0% !important;padding-bottom: 6% !important;}&#8221; el_class=&#8221;our-services-1&#8243;][vc_column][vc_row_inner][vc_column_inner][\/vc_column_inner][\/vc_row_inner][vc_row_inner][vc_column_inner][\/vc_column_inner][\/vc_row_inner][vc_row_inner][vc_column_inner][\/vc_column_inner][\/vc_row_inner][vc_row_inner][vc_column_inner][\/vc_column_inner][\/vc_row_inner][vc_row_inner][vc_column_inner][\/vc_column_inner][\/vc_row_inner][\/vc_column][\/vc_row][vc_row full_width=&#8221;stretch_row&#8221; css=&#8221;.vc_custom_1560400122232{padding-top: 5% !important;padding-bottom: 1% !important;background-color: #f9f9f9 !important;}&#8221; el_id=&#8221;paslaugos&#8221;][vc_column css=&#8221;.vc_custom_1560400028709{padding-top: 0px !important;}&#8221;][vc_row_inner content_placement=&#8221;middle&#8221; css=&#8221;.vc_custom_1560400048039{padding-top: 0px !important;}&#8221;][vc_column_inner width=&#8221;3\/4&#8243;][\/vc_column_inner][vc_column_inner width=&#8221;1\/4&#8243;][vc_column_text] Susisiekite [\/vc_column_text][\/vc_column_inner][\/vc_row_inner][\/vc_column][\/vc_row]<\/p>\n","protected":false},"author":1,"featured_media":0,"parent":0,"menu_order":0,"comment_status":"closed","ping_status":"closed","template":"","meta":{"footnotes":""},"class_list":["post-1193","page","type-page","status-publish","hentry","clearfix"],"yoast_head":"<!-- This site is optimized with the Yoast SEO plugin v24.3 - https:\/\/yoast.com\/wordpress\/plugins\/seo\/ -->\n<title>Sticky label blanks | Sprinteksas<\/title>\n<meta name=\"description\" content=\"Lipnios etiket\u0117s u\u017e konkurencing\u0105 kain\u0105. Auk\u0161tos kokyb\u0117s \u012fvairi\u0173 dyd\u017ei\u0173 baltos ir spalvotos lipnios etiket\u0117s rulonuose, lipni\u0173 etike\u010di\u0173 ruo\u0161iniai.\" \/>\n<meta name=\"robots\" content=\"index, follow, max-snippet:-1, max-image-preview:large, max-video-preview:-1\" \/>\n<link rel=\"canonical\" href=\"https:\/\/sprinteksas.lt\/en\/sticky-label-blanks\/\" \/>\n<meta property=\"og:locale\" content=\"en_US\" \/>\n<meta property=\"og:type\" content=\"article\" \/>\n<meta property=\"og:title\" content=\"[:lt]Lipnios etiket\u0117s[:en]Sticky label blanks[:sv]Sj\u00e4lvh\u00e4ftande material f\u00f6r etiketter[:] | Sprinteksas\" \/>\n<meta property=\"og:description\" content=\"Lipnios etiket\u0117s u\u017e konkurencing\u0105 kain\u0105. Auk\u0161tos kokyb\u0117s \u012fvairi\u0173 dyd\u017ei\u0173 baltos ir spalvotos lipnios etiket\u0117s rulonuose, lipni\u0173 etike\u010di\u0173 ruo\u0161iniai.\" \/>\n<meta property=\"og:url\" content=\"https:\/\/sprinteksas.lt\/en\/sticky-label-blanks\/\" \/>\n<meta property=\"og:site_name\" content=\"Sprinteksas\" \/>\n<meta property=\"article:modified_time\" content=\"2026-01-28T08:35:52+00:00\" \/>\n<meta name=\"twitter:card\" content=\"summary_large_image\" \/>\n<meta name=\"twitter:label1\" content=\"Est. reading time\" \/>\n\t<meta name=\"twitter:data1\" content=\"5 minutes\" \/>\n<script type=\"application\/ld+json\" class=\"yoast-schema-graph\">{\"@context\":\"https:\/\/schema.org\",\"@graph\":[{\"@type\":\"WebPage\",\"@id\":\"https:\/\/sprinteksas.lt\/en\/sticky-label-blanks\/\",\"url\":\"https:\/\/sprinteksas.lt\/en\/sticky-label-blanks\/\",\"name\":\"[:lt]Lipnios etiket\u0117s[:en]Sticky label blanks[:sv]Sj\u00e4lvh\u00e4ftande material f\u00f6r etiketter[:] | Sprinteksas\",\"isPartOf\":{\"@id\":\"https:\/\/sprinteksas.lt\/#website\"},\"datePublished\":\"2019-06-13T05:34:39+00:00\",\"dateModified\":\"2026-01-28T08:35:52+00:00\",\"description\":\"Lipnios etiket\u0117s u\u017e konkurencing\u0105 kain\u0105. Auk\u0161tos kokyb\u0117s \u012fvairi\u0173 dyd\u017ei\u0173 baltos ir spalvotos lipnios etiket\u0117s rulonuose, lipni\u0173 etike\u010di\u0173 ruo\u0161iniai.\",\"breadcrumb\":{\"@id\":\"https:\/\/sprinteksas.lt\/en\/sticky-label-blanks\/#breadcrumb\"},\"inLanguage\":\"en-US\",\"potentialAction\":[{\"@type\":\"ReadAction\",\"target\":[\"https:\/\/sprinteksas.lt\/en\/sticky-label-blanks\/\"]}]},{\"@type\":\"BreadcrumbList\",\"@id\":\"https:\/\/sprinteksas.lt\/en\/sticky-label-blanks\/#breadcrumb\",\"itemListElement\":[{\"@type\":\"ListItem\",\"position\":1,\"name\":\"Prad\u017eia\",\"item\":\"https:\/\/sprinteksas.lt\/\"},{\"@type\":\"ListItem\",\"position\":2,\"name\":\"Sticky label blanks\"}]},{\"@type\":\"WebSite\",\"@id\":\"https:\/\/sprinteksas.lt\/#website\",\"url\":\"https:\/\/sprinteksas.lt\/\",\"name\":\"Sprinteksas\",\"description\":\"Reklamin\u0117s spaudos profesionalai\",\"potentialAction\":[{\"@type\":\"SearchAction\",\"target\":{\"@type\":\"EntryPoint\",\"urlTemplate\":\"https:\/\/sprinteksas.lt\/?s={search_term_string}\"},\"query-input\":{\"@type\":\"PropertyValueSpecification\",\"valueRequired\":true,\"valueName\":\"search_term_string\"}}],\"inLanguage\":\"en-US\"}]}<\/script>\n<!-- \/ Yoast SEO plugin. -->","yoast_head_json":{"title":"[:lt]Lipnios etiket\u0117s[:en]Sticky label blanks[:sv]Sj\u00e4lvh\u00e4ftande material f\u00f6r etiketter[:] | Sprinteksas","description":"Lipnios etiket\u0117s u\u017e konkurencing\u0105 kain\u0105. Auk\u0161tos kokyb\u0117s \u012fvairi\u0173 dyd\u017ei\u0173 baltos ir spalvotos lipnios etiket\u0117s rulonuose, lipni\u0173 etike\u010di\u0173 ruo\u0161iniai.","robots":{"index":"index","follow":"follow","max-snippet":"max-snippet:-1","max-image-preview":"max-image-preview:large","max-video-preview":"max-video-preview:-1"},"canonical":"https:\/\/sprinteksas.lt\/en\/sticky-label-blanks\/","og_locale":"en_US","og_type":"article","og_title":"[:lt]Lipnios etiket\u0117s[:en]Sticky label blanks[:sv]Sj\u00e4lvh\u00e4ftande material f\u00f6r etiketter[:] | Sprinteksas","og_description":"Lipnios etiket\u0117s u\u017e konkurencing\u0105 kain\u0105. Auk\u0161tos kokyb\u0117s \u012fvairi\u0173 dyd\u017ei\u0173 baltos ir spalvotos lipnios etiket\u0117s rulonuose, lipni\u0173 etike\u010di\u0173 ruo\u0161iniai.","og_url":"https:\/\/sprinteksas.lt\/en\/sticky-label-blanks\/","og_site_name":"Sprinteksas","article_modified_time":"2026-01-28T08:35:52+00:00","twitter_card":"summary_large_image","twitter_misc":{"Est. reading time":"5 minutes"},"schema":{"@context":"https:\/\/schema.org","@graph":[{"@type":"WebPage","@id":"https:\/\/sprinteksas.lt\/en\/sticky-label-blanks\/","url":"https:\/\/sprinteksas.lt\/en\/sticky-label-blanks\/","name":"[:lt]Lipnios etiket\u0117s[:en]Sticky label blanks[:sv]Sj\u00e4lvh\u00e4ftande material f\u00f6r etiketter[:] | Sprinteksas","isPartOf":{"@id":"https:\/\/sprinteksas.lt\/#website"},"datePublished":"2019-06-13T05:34:39+00:00","dateModified":"2026-01-28T08:35:52+00:00","description":"Lipnios etiket\u0117s u\u017e konkurencing\u0105 kain\u0105. Auk\u0161tos kokyb\u0117s \u012fvairi\u0173 dyd\u017ei\u0173 baltos ir spalvotos lipnios etiket\u0117s rulonuose, lipni\u0173 etike\u010di\u0173 ruo\u0161iniai.","breadcrumb":{"@id":"https:\/\/sprinteksas.lt\/en\/sticky-label-blanks\/#breadcrumb"},"inLanguage":"en-US","potentialAction":[{"@type":"ReadAction","target":["https:\/\/sprinteksas.lt\/en\/sticky-label-blanks\/"]}]},{"@type":"BreadcrumbList","@id":"https:\/\/sprinteksas.lt\/en\/sticky-label-blanks\/#breadcrumb","itemListElement":[{"@type":"ListItem","position":1,"name":"Prad\u017eia","item":"https:\/\/sprinteksas.lt\/"},{"@type":"ListItem","position":2,"name":"Sticky label blanks"}]},{"@type":"WebSite","@id":"https:\/\/sprinteksas.lt\/#website","url":"https:\/\/sprinteksas.lt\/","name":"Sprinteksas","description":"Reklamin\u0117s spaudos profesionalai","potentialAction":[{"@type":"SearchAction","target":{"@type":"EntryPoint","urlTemplate":"https:\/\/sprinteksas.lt\/?s={search_term_string}"},"query-input":{"@type":"PropertyValueSpecification","valueRequired":true,"valueName":"search_term_string"}}],"inLanguage":"en-US"}]}},"_links":{"self":[{"href":"https:\/\/sprinteksas.lt\/en\/wp-json\/wp\/v2\/pages\/1193","targetHints":{"allow":["GET"]}}],"collection":[{"href":"https:\/\/sprinteksas.lt\/en\/wp-json\/wp\/v2\/pages"}],"about":[{"href":"https:\/\/sprinteksas.lt\/en\/wp-json\/wp\/v2\/types\/page"}],"author":[{"embeddable":true,"href":"https:\/\/sprinteksas.lt\/en\/wp-json\/wp\/v2\/users\/1"}],"replies":[{"embeddable":true,"href":"https:\/\/sprinteksas.lt\/en\/wp-json\/wp\/v2\/comments?post=1193"}],"version-history":[{"count":34,"href":"https:\/\/sprinteksas.lt\/en\/wp-json\/wp\/v2\/pages\/1193\/revisions"}],"predecessor-version":[{"id":1785,"href":"https:\/\/sprinteksas.lt\/en\/wp-json\/wp\/v2\/pages\/1193\/revisions\/1785"}],"wp:attachment":[{"href":"https:\/\/sprinteksas.lt\/en\/wp-json\/wp\/v2\/media?parent=1193"}],"curies":[{"name":"wp","href":"https:\/\/api.w.org\/{rel}","templated":true}]}}