{"id":1764,"date":"2023-01-25T09:44:10","date_gmt":"2023-01-25T11:44:10","guid":{"rendered":"https:\/\/sprinteksas.lt\/?page_id=1764"},"modified":"2026-01-28T06:36:05","modified_gmt":"2026-01-28T08:36:05","slug":"pakavimo-medziagos","status":"publish","type":"page","link":"https:\/\/sprinteksas.lt\/en\/packaging-supplies\/","title":{"rendered":"Packaging supplies"},"content":{"rendered":"<p>[vc_row full_width=&#8221;stretch_row&#8221; css=&#8221;.vc_custom_1560400246881{padding-top: 0% !important;padding-bottom: 6% !important;}&#8221; el_class=&#8221;our-services-1&#8243;][vc_column][vc_row_inner][vc_column_inner]                        <div class=\"  \">\n                <div class=\"banner-shortcode-wrap style_2 \">\n    <div class=\"banner-content-wrap clearfix right\">\n                    <div class=\"banner-image\">\n                <img decoding=\"async\" src=\"https:\/\/sprinteksas.lt\/wp-content\/uploads\/2019\/06\/Strec_rankinis.png\" alt=\"Packaging\">\n            <\/div>\n                <div class=\"banner-content-inner\">\n            <div class=\"banner-content\">\n                 \n                                    <h6 class=\"banner-title \">Packaging<span class=\"banner-sub-title\">film<\/span><\/h6>\n                                                    <p class=\"banner-description\">This transparent packaging film is used very widely, it has a high degree of elasticity, transparency and firmness. Can be packed with a machine or manually. It is especially convenient when you want to pack several items in one group, preparing for transport, wrapping pallets with the cargo. The film can be marked with print and logos. We can offer a wide range of widths and thickenesses.<\/p>\n                            \n            <\/div>\n        <\/div>\n    <\/div>\n<\/div>            <\/div>\n                    [\/vc_column_inner][\/vc_row_inner][vc_row_inner][vc_column_inner]                        <div class=\"  \">\n                <div class=\"banner-shortcode-wrap style_2 \">\n    <div class=\"banner-content-wrap clearfix left\">\n                    <div class=\"banner-image\">\n                <img decoding=\"async\" src=\"https:\/\/sprinteksas.lt\/wp-content\/uploads\/2019\/07\/Automatin\u0117-pakavimo-pl\u0117vel\u0117.jpg\" alt=\"Automatic\">\n            <\/div>\n                <div class=\"banner-content-inner\">\n            <div class=\"banner-content\">\n                 \n                                    <h6 class=\"banner-title \">Automatic<span class=\"banner-sub-title\">wrapping film<\/span><\/h6>\n                                                    <p class=\"banner-description\">The automatic wrapping film is suitable for packing, fixing and securing large loads or full pallets during transport. It is made of LLDPE (Linear Low-Density Polyethylene) and is intended for machine packaging. The film is made from high quality components and has a multilayer structure, with properties such as resistance to sharp corners and tensile strength. The standard film elasticity is 150%.<\/p>\n                            \n            <\/div>\n        <\/div>\n    <\/div>\n<\/div>            <\/div>\n                    [\/vc_column_inner][\/vc_row_inner][vc_row_inner][vc_column_inner]                        <div class=\"  \">\n                <div class=\"banner-shortcode-wrap style_2 \">\n    <div class=\"banner-content-wrap clearfix right\">\n                    <div class=\"banner-image\">\n                <img decoding=\"async\" src=\"https:\/\/sprinteksas.lt\/wp-content\/uploads\/2019\/06\/pvc-plevele.jpg\" alt=\"Thermo shrink\">\n            <\/div>\n                <div class=\"banner-content-inner\">\n            <div class=\"banner-content\">\n                 \n                                    <h6 class=\"banner-title \">Thermo shrink<span class=\"banner-sub-title\">film<\/span><\/h6>\n                                                    <p class=\"banner-description\">It is soft, very resistant to puncture, transparent and shiny. Thanks to it, the film nicely wraps the product even if it has irregular shape. Easy to use, it is suitable for all types of automatic and semi-automatic packaging equipment.&lt;br \/&gt;\nThe film can be of two types: semi-sleeve or band-shaped.<\/p>\n                            \n            <\/div>\n        <\/div>\n    <\/div>\n<\/div>            <\/div>\n                    [\/vc_column_inner][\/vc_row_inner][vc_row_inner][vc_column_inner]                        <div class=\"  \">\n                <div class=\"banner-shortcode-wrap style_2 \">\n    <div class=\"banner-content-wrap clearfix left\">\n                    <div class=\"banner-image\">\n                <img decoding=\"async\" src=\"https:\/\/sprinteksas.lt\/wp-content\/uploads\/2019\/07\/Poliolefinin\u0117-termo-susitraukianti-pl\u0117vel\u0117.jpg\" alt=\"Polyolefin heat shrink\">\n            <\/div>\n                <div class=\"banner-content-inner\">\n            <div class=\"banner-content\">\n                 \n                                    <h6 class=\"banner-title \">Polyolefin heat shrink<span class=\"banner-sub-title\">film<\/span><\/h6>\n                                                    <p class=\"banner-description\">Polyolefin is a cross-structured shrink film. It is soft, high puncture resistant, very transparent and shiny. It evenly covers an irregularly shaped product. This film is easy to use, and it is suitable for all types of automatic and semi-automatic packing machines. It can be of two types: semi-sleeve or ribbon. Semi-sleeve film is used to form a sealed package when packing single products or groups of products. A tape is used to form a closed or partially closed package.<\/p>\n                            \n            <\/div>\n        <\/div>\n    <\/div>\n<\/div>            <\/div>\n                    [\/vc_column_inner][\/vc_row_inner][vc_row_inner][vc_column_inner]                        <div class=\"  \">\n                <div class=\"banner-shortcode-wrap style_2 \">\n    <div class=\"banner-content-wrap clearfix right\">\n                    <div class=\"banner-image\">\n                <img decoding=\"async\" src=\"https:\/\/sprinteksas.lt\/wp-content\/uploads\/2019\/07\/Lipni-juosta-su-spauda.jpg\" alt=\"Adhesive tape\">\n            <\/div>\n                <div class=\"banner-content-inner\">\n            <div class=\"banner-content\">\n                 \n                                    <h6 class=\"banner-title \">Adhesive tape<span class=\"banner-sub-title\">with print<\/span><\/h6>\n                                                    <p class=\"banner-description\">It is used for sealing boxes or other packaging. Several types of glue are available. Acrylic is the cheapest glue. UV resistant, suitable for long-term storage, requires clean surfaces. Synthetic rubber-characterized as a strong initial adhesive is ideal for sealing the boxes and does not stick to the plasitic surfaces.Natural rubber-it sticks to different surfaces, moisture resistant and well withstands negative temperatures. A few materials are available: PP tape- there is a sound when it is rolling out. PVC Adhesive tapes-roll out silently, it is a thicker and stronger tape than the PP.<\/p>\n                            \n            <\/div>\n        <\/div>\n    <\/div>\n<\/div>            <\/div>\n                    [\/vc_column_inner][\/vc_row_inner][\/vc_column][\/vc_row][vc_row full_width=&#8221;stretch_row&#8221; css=&#8221;.vc_custom_1560400122232{padding-top: 5% !important;padding-bottom: 1% !important;background-color: #f9f9f9 !important;}&#8221; el_id=&#8221;paslaugos&#8221;][vc_column css=&#8221;.vc_custom_1560400028709{padding-top: 0px !important;}&#8221;][vc_row_inner content_placement=&#8221;middle&#8221; css=&#8221;.vc_custom_1560400048039{padding-top: 0px !important;}&#8221;][vc_column_inner width=&#8221;3\/4&#8243;]            \n            <div class=\" \">\n                    <div class=\"icon-box-shortcode-wrap style_5 \">\n        <div class=\"icon-box-container\">\n                    <div class=\"icon-wrap\" style=\"color:#ef6b01\">\n                <span class=\"vc-oi vc-oi-comment\"><\/span>\n            <\/div>    \n                    <div class=\"icon-content\">\n                <h5 class=\"icon-title\">\n                                        Domina m\u016bs\u0173 teikiamos paslaugos?                                    <\/h5>\n                <p class=\"icon-description\"><\/p>\n            <\/div>\n        <\/div>\n    <\/div>\n            <\/div>\n            \n        [\/vc_column_inner][vc_column_inner width=&#8221;1\/4&#8243;][vc_column_text]<\/p>\n<p style=\"text-align: right;\"><a class=\"revo_button_1\" href=\"\/kontaktai\">Susisiekite<\/a><\/p>\n<p>[\/vc_column_text][\/vc_column_inner][\/vc_row_inner][\/vc_column][\/vc_row]<\/p>","protected":false},"excerpt":{"rendered":"<p>[vc_row full_width=&#8221;stretch_row&#8221; css=&#8221;.vc_custom_1560400246881{padding-top: 0% !important;padding-bottom: 6% !important;}&#8221; el_class=&#8221;our-services-1&#8243;][vc_column][vc_row_inner][vc_column_inner][\/vc_column_inner][\/vc_row_inner][vc_row_inner][vc_column_inner][\/vc_column_inner][\/vc_row_inner][vc_row_inner][vc_column_inner][\/vc_column_inner][\/vc_row_inner][vc_row_inner][vc_column_inner][\/vc_column_inner][\/vc_row_inner][vc_row_inner][vc_column_inner][\/vc_column_inner][\/vc_row_inner][\/vc_column][\/vc_row][vc_row full_width=&#8221;stretch_row&#8221; css=&#8221;.vc_custom_1560400122232{padding-top: 5% !important;padding-bottom: 1% !important;background-color: #f9f9f9 !important;}&#8221; el_id=&#8221;paslaugos&#8221;][vc_column css=&#8221;.vc_custom_1560400028709{padding-top: 0px !important;}&#8221;][vc_row_inner content_placement=&#8221;middle&#8221; css=&#8221;.vc_custom_1560400048039{padding-top: 0px !important;}&#8221;][vc_column_inner width=&#8221;3\/4&#8243;][\/vc_column_inner][vc_column_inner width=&#8221;1\/4&#8243;][vc_column_text] Susisiekite [\/vc_column_text][\/vc_column_inner][\/vc_row_inner][\/vc_column][\/vc_row]<\/p>\n","protected":false},"author":2,"featured_media":0,"parent":0,"menu_order":0,"comment_status":"closed","ping_status":"closed","template":"","meta":{"footnotes":""},"class_list":["post-1764","page","type-page","status-publish","hentry","clearfix"],"yoast_head":"<!-- This site is optimized with the Yoast SEO plugin v24.3 - https:\/\/yoast.com\/wordpress\/plugins\/seo\/ -->\n<title>Packaging supplies | Sprinteksas<\/title>\n<meta name=\"description\" content=\"Pakavimo pl\u0117vel\u0117s u\u017e patraukli\u0105 kain\u0105. Kokybi\u0161ka vyniojimo, pakavimo stretch plevel\u0117 rankiniam naudojimui, viena i\u0161 universaliausi\u0173 pakavimo med\u017eiag\u0173.\" \/>\n<meta name=\"robots\" content=\"index, follow, max-snippet:-1, max-image-preview:large, max-video-preview:-1\" \/>\n<link rel=\"canonical\" href=\"https:\/\/sprinteksas.lt\/en\/packaging-supplies\/\" \/>\n<meta property=\"og:locale\" content=\"en_US\" \/>\n<meta property=\"og:type\" content=\"article\" \/>\n<meta property=\"og:title\" content=\"[:lt]Pakavimo med\u017eiagos[:en]Packaging supplies[:sv] F\u00f6rpackningsmaterial[:] | Sprinteksas\" \/>\n<meta property=\"og:description\" content=\"Pakavimo pl\u0117vel\u0117s u\u017e patraukli\u0105 kain\u0105. Kokybi\u0161ka vyniojimo, pakavimo stretch plevel\u0117 rankiniam naudojimui, viena i\u0161 universaliausi\u0173 pakavimo med\u017eiag\u0173.\" \/>\n<meta property=\"og:url\" content=\"https:\/\/sprinteksas.lt\/en\/packaging-supplies\/\" \/>\n<meta property=\"og:site_name\" content=\"Sprinteksas\" \/>\n<meta property=\"article:modified_time\" content=\"2026-01-28T08:36:05+00:00\" \/>\n<meta name=\"twitter:card\" content=\"summary_large_image\" \/>\n<meta name=\"twitter:label1\" content=\"Est. reading time\" \/>\n\t<meta name=\"twitter:data1\" content=\"6 minutes\" \/>\n<script type=\"application\/ld+json\" class=\"yoast-schema-graph\">{\"@context\":\"https:\/\/schema.org\",\"@graph\":[{\"@type\":\"WebPage\",\"@id\":\"https:\/\/sprinteksas.lt\/en\/packaging-supplies\/\",\"url\":\"https:\/\/sprinteksas.lt\/en\/packaging-supplies\/\",\"name\":\"[:lt]Pakavimo med\u017eiagos[:en]Packaging supplies[:sv] F\u00f6rpackningsmaterial[:] | Sprinteksas\",\"isPartOf\":{\"@id\":\"https:\/\/sprinteksas.lt\/#website\"},\"datePublished\":\"2023-01-25T11:44:10+00:00\",\"dateModified\":\"2026-01-28T08:36:05+00:00\",\"description\":\"Pakavimo pl\u0117vel\u0117s u\u017e patraukli\u0105 kain\u0105. Kokybi\u0161ka vyniojimo, pakavimo stretch plevel\u0117 rankiniam naudojimui, viena i\u0161 universaliausi\u0173 pakavimo med\u017eiag\u0173.\",\"breadcrumb\":{\"@id\":\"https:\/\/sprinteksas.lt\/en\/packaging-supplies\/#breadcrumb\"},\"inLanguage\":\"en-US\",\"potentialAction\":[{\"@type\":\"ReadAction\",\"target\":[\"https:\/\/sprinteksas.lt\/en\/packaging-supplies\/\"]}]},{\"@type\":\"BreadcrumbList\",\"@id\":\"https:\/\/sprinteksas.lt\/en\/packaging-supplies\/#breadcrumb\",\"itemListElement\":[{\"@type\":\"ListItem\",\"position\":1,\"name\":\"Prad\u017eia\",\"item\":\"https:\/\/sprinteksas.lt\/\"},{\"@type\":\"ListItem\",\"position\":2,\"name\":\"Packaging supplies\"}]},{\"@type\":\"WebSite\",\"@id\":\"https:\/\/sprinteksas.lt\/#website\",\"url\":\"https:\/\/sprinteksas.lt\/\",\"name\":\"Sprinteksas\",\"description\":\"Reklamin\u0117s spaudos profesionalai\",\"potentialAction\":[{\"@type\":\"SearchAction\",\"target\":{\"@type\":\"EntryPoint\",\"urlTemplate\":\"https:\/\/sprinteksas.lt\/?s={search_term_string}\"},\"query-input\":{\"@type\":\"PropertyValueSpecification\",\"valueRequired\":true,\"valueName\":\"search_term_string\"}}],\"inLanguage\":\"en-US\"}]}<\/script>\n<!-- \/ Yoast SEO plugin. -->","yoast_head_json":{"title":"[:lt]Pakavimo med\u017eiagos[:en]Packaging supplies[:sv] F\u00f6rpackningsmaterial[:] | Sprinteksas","description":"Pakavimo pl\u0117vel\u0117s u\u017e patraukli\u0105 kain\u0105. Kokybi\u0161ka vyniojimo, pakavimo stretch plevel\u0117 rankiniam naudojimui, viena i\u0161 universaliausi\u0173 pakavimo med\u017eiag\u0173.","robots":{"index":"index","follow":"follow","max-snippet":"max-snippet:-1","max-image-preview":"max-image-preview:large","max-video-preview":"max-video-preview:-1"},"canonical":"https:\/\/sprinteksas.lt\/en\/packaging-supplies\/","og_locale":"en_US","og_type":"article","og_title":"[:lt]Pakavimo med\u017eiagos[:en]Packaging supplies[:sv] F\u00f6rpackningsmaterial[:] | Sprinteksas","og_description":"Pakavimo pl\u0117vel\u0117s u\u017e patraukli\u0105 kain\u0105. Kokybi\u0161ka vyniojimo, pakavimo stretch plevel\u0117 rankiniam naudojimui, viena i\u0161 universaliausi\u0173 pakavimo med\u017eiag\u0173.","og_url":"https:\/\/sprinteksas.lt\/en\/packaging-supplies\/","og_site_name":"Sprinteksas","article_modified_time":"2026-01-28T08:36:05+00:00","twitter_card":"summary_large_image","twitter_misc":{"Est. reading time":"6 minutes"},"schema":{"@context":"https:\/\/schema.org","@graph":[{"@type":"WebPage","@id":"https:\/\/sprinteksas.lt\/en\/packaging-supplies\/","url":"https:\/\/sprinteksas.lt\/en\/packaging-supplies\/","name":"[:lt]Pakavimo med\u017eiagos[:en]Packaging supplies[:sv] F\u00f6rpackningsmaterial[:] | Sprinteksas","isPartOf":{"@id":"https:\/\/sprinteksas.lt\/#website"},"datePublished":"2023-01-25T11:44:10+00:00","dateModified":"2026-01-28T08:36:05+00:00","description":"Pakavimo pl\u0117vel\u0117s u\u017e patraukli\u0105 kain\u0105. Kokybi\u0161ka vyniojimo, pakavimo stretch plevel\u0117 rankiniam naudojimui, viena i\u0161 universaliausi\u0173 pakavimo med\u017eiag\u0173.","breadcrumb":{"@id":"https:\/\/sprinteksas.lt\/en\/packaging-supplies\/#breadcrumb"},"inLanguage":"en-US","potentialAction":[{"@type":"ReadAction","target":["https:\/\/sprinteksas.lt\/en\/packaging-supplies\/"]}]},{"@type":"BreadcrumbList","@id":"https:\/\/sprinteksas.lt\/en\/packaging-supplies\/#breadcrumb","itemListElement":[{"@type":"ListItem","position":1,"name":"Prad\u017eia","item":"https:\/\/sprinteksas.lt\/"},{"@type":"ListItem","position":2,"name":"Packaging supplies"}]},{"@type":"WebSite","@id":"https:\/\/sprinteksas.lt\/#website","url":"https:\/\/sprinteksas.lt\/","name":"Sprinteksas","description":"Reklamin\u0117s spaudos profesionalai","potentialAction":[{"@type":"SearchAction","target":{"@type":"EntryPoint","urlTemplate":"https:\/\/sprinteksas.lt\/?s={search_term_string}"},"query-input":{"@type":"PropertyValueSpecification","valueRequired":true,"valueName":"search_term_string"}}],"inLanguage":"en-US"}]}},"_links":{"self":[{"href":"https:\/\/sprinteksas.lt\/en\/wp-json\/wp\/v2\/pages\/1764","targetHints":{"allow":["GET"]}}],"collection":[{"href":"https:\/\/sprinteksas.lt\/en\/wp-json\/wp\/v2\/pages"}],"about":[{"href":"https:\/\/sprinteksas.lt\/en\/wp-json\/wp\/v2\/types\/page"}],"author":[{"embeddable":true,"href":"https:\/\/sprinteksas.lt\/en\/wp-json\/wp\/v2\/users\/2"}],"replies":[{"embeddable":true,"href":"https:\/\/sprinteksas.lt\/en\/wp-json\/wp\/v2\/comments?post=1764"}],"version-history":[{"count":2,"href":"https:\/\/sprinteksas.lt\/en\/wp-json\/wp\/v2\/pages\/1764\/revisions"}],"predecessor-version":[{"id":1766,"href":"https:\/\/sprinteksas.lt\/en\/wp-json\/wp\/v2\/pages\/1764\/revisions\/1766"}],"wp:attachment":[{"href":"https:\/\/sprinteksas.lt\/en\/wp-json\/wp\/v2\/media?parent=1764"}],"curies":[{"name":"wp","href":"https:\/\/api.w.org\/{rel}","templated":true}]}}