{"id":1822,"date":"2023-04-26T01:33:49","date_gmt":"2023-04-26T03:33:49","guid":{"rendered":"https:\/\/sprinteksas.lt\/?page_id=1822"},"modified":"2026-01-28T06:37:37","modified_gmt":"2026-01-28T08:37:37","slug":"skrajutes","status":"publish","type":"page","link":"https:\/\/sprinteksas.lt\/en\/flyers\/","title":{"rendered":"Leaflets"},"content":{"rendered":"<p>[vc_row full_width=&#8221;stretch_row&#8221; css=&#8221;.vc_custom_1560400246881{padding-top: 0% !important;padding-bottom: 6% !important;}&#8221; el_class=&#8221;our-services-1&#8243;][vc_column][vc_row_inner][vc_column_inner]                        <div class=\"  \">\n                <div class=\"banner-shortcode-wrap style_2 \">\n    <div class=\"banner-content-wrap clearfix right\">\n                    <div class=\"banner-image\">\n                <img decoding=\"async\" src=\"https:\/\/sprinteksas.lt\/wp-content\/uploads\/2019\/07\/Lankstinukas-sprinteksas.jpg\" alt=\"Leaflets\">\n            <\/div>\n                <div class=\"banner-content-inner\">\n            <div class=\"banner-content\">\n                 \n                                    <h6 class=\"banner-title \">Leaflets<span class=\"banner-sub-title\"><\/span><\/h6>\n                                                    <p class=\"banner-description\">Leaflets are still a popular promotional tool for presenting or providing information about your goods or services. Various formats and paper thicknesses are available. Press or bends according to your needs.<\/p>\n                            \n            <\/div>\n        <\/div>\n    <\/div>\n<\/div>            <\/div>\n                    [\/vc_column_inner][\/vc_row_inner][vc_row_inner][vc_column_inner]                        <div class=\"  \">\n                <div class=\"banner-shortcode-wrap style_2 \">\n    <div class=\"banner-content-wrap clearfix left\">\n                    <div class=\"banner-image\">\n                <img decoding=\"async\" src=\"https:\/\/sprinteksas.lt\/wp-content\/uploads\/2019\/08\/Skrajutes.jpg\" alt=\"Flyers\">\n            <\/div>\n                <div class=\"banner-content-inner\">\n            <div class=\"banner-content\">\n                 \n                                    <h6 class=\"banner-title \">Flyers<span class=\"banner-sub-title\"><\/span><\/h6>\n                                                    <p class=\"banner-description\">This is one of the cheapest and most effective ways to inform your potential customers about promotions and discounts or simply invite them to a presentation or an event held by you. Unlike leaflets or larger printed advertising materials leaflets contain only essential information.<\/p>\n                            \n            <\/div>\n        <\/div>\n    <\/div>\n<\/div>            <\/div>\n                    [\/vc_column_inner][\/vc_row_inner][vc_row_inner][vc_column_inner]                        <div class=\"  \">\n                <div class=\"banner-shortcode-wrap style_2 \">\n    <div class=\"banner-content-wrap clearfix right\">\n                    <div class=\"banner-image\">\n                <img decoding=\"async\" src=\"https:\/\/sprinteksas.lt\/wp-content\/uploads\/2019\/07\/Bloknotai-Firminiai-blankai.jpg\" alt=\"Pocket books,\">\n            <\/div>\n                <div class=\"banner-content-inner\">\n            <div class=\"banner-content\">\n                 \n                                    <h6 class=\"banner-title \">Pocket books,<span class=\"banner-sub-title\">Letter headed papers<\/span><\/h6>\n                                                    <p class=\"banner-description\">We print letterheads, questionnaires, pocket books or other pro motional printouts. Our capabilities are very wide. We can design or make a layout for you and print it on various types of paper or synthetic material. We can offer a wide choice of materials: glossy, matte or laminated surface that will provide exclusivity for your poster or catalogue.<\/p>\n                            \n            <\/div>\n        <\/div>\n    <\/div>\n<\/div>            <\/div>\n                    [\/vc_column_inner][\/vc_row_inner][vc_row_inner][vc_column_inner]                        <div class=\"  \">\n                <div class=\"banner-shortcode-wrap style_2 \">\n    <div class=\"banner-content-wrap clearfix left\">\n                    <div class=\"banner-image\">\n                <img decoding=\"async\" src=\"https:\/\/sprinteksas.lt\/wp-content\/uploads\/2019\/08\/plakatai.jpg\" alt=\"Posters\">\n            <\/div>\n                <div class=\"banner-content-inner\">\n            <div class=\"banner-content\">\n                 \n                                    <h6 class=\"banner-title \">Posters<span class=\"banner-sub-title\"><\/span><\/h6>\n                                                    <p class=\"banner-description\">Posters are one of the most noticeable and cheap advertising tools. Hang them on stands, company windows, walls with spectacular views or important message. We can print a model created by you on different types of paper or synthetic material. Paper posters are slightly cheaper, while synthetic materials are much more resistant and durable to outside conditions. They withstand storms, rain or snowfall, while the colors remain bright even after prolonged exposure to sunlight.<\/p>\n                            \n            <\/div>\n        <\/div>\n    <\/div>\n<\/div>            <\/div>\n                    [\/vc_column_inner][\/vc_row_inner][vc_row_inner][vc_column_inner]                        <div class=\"  \">\n                <div class=\"banner-shortcode-wrap style_2 \">\n    <div class=\"banner-content-wrap clearfix right\">\n                    <div class=\"banner-image\">\n                <img decoding=\"async\" src=\"https:\/\/sprinteksas.lt\/wp-content\/uploads\/2019\/07\/Vizitin\u0117s-kortel\u0117s.jpg\" alt=\"Business\">\n            <\/div>\n                <div class=\"banner-content-inner\">\n            <div class=\"banner-content\">\n                 \n                                    <h6 class=\"banner-title \">Business<span class=\"banner-sub-title\">cards<\/span><\/h6>\n                                                    <p class=\"banner-description\">It is an important detail which can tell a lot about your business, often business card is the first impression, so it must not only convey your desired image, but also to be high quality and attract attention. We offer exclusive textures or foil. We can offer a letterpress or partial lacquing.<\/p>\n                            \n            <\/div>\n        <\/div>\n    <\/div>\n<\/div>            <\/div>\n                    [\/vc_column_inner][\/vc_row_inner][vc_row_inner][vc_column_inner]                        <div class=\"  \">\n                <div class=\"banner-shortcode-wrap style_2 \">\n    <div class=\"banner-content-wrap clearfix left\">\n                    <div class=\"banner-image\">\n                <img decoding=\"async\" src=\"https:\/\/sprinteksas.lt\/wp-content\/uploads\/2019\/07\/Vizitin\u0117s-kortel\u0117s.jpg\" alt=\"Wall and desk\">\n            <\/div>\n                <div class=\"banner-content-inner\">\n            <div class=\"banner-content\">\n                 \n                                    <h6 class=\"banner-title \">Wall and desk<span class=\"banner-sub-title\">calendars<\/span><\/h6>\n                                                    <p class=\"banner-description\">Calendar is one of the best advertising tools which your customers and partners can see all year round. We&#039;ll help you design and print a variety of calendars for you.<\/p>\n                            \n            <\/div>\n        <\/div>\n    <\/div>\n<\/div>            <\/div>\n                    [\/vc_column_inner][\/vc_row_inner][\/vc_column][\/vc_row][vc_row full_width=&#8221;stretch_row&#8221; css=&#8221;.vc_custom_1560400122232{padding-top: 5% !important;padding-bottom: 1% !important;background-color: #f9f9f9 !important;}&#8221; el_id=&#8221;paslaugos&#8221;][vc_column css=&#8221;.vc_custom_1560400028709{padding-top: 0px !important;}&#8221;][vc_row_inner content_placement=&#8221;middle&#8221; css=&#8221;.vc_custom_1560400048039{padding-top: 0px !important;}&#8221;][vc_column_inner width=&#8221;3\/4&#8243;]            \n            <div class=\" \">\n                    <div class=\"icon-box-shortcode-wrap style_5 \">\n        <div class=\"icon-box-container\">\n                    <div class=\"icon-wrap\" style=\"color:#ef6b01\">\n                <span class=\"vc-oi vc-oi-comment\"><\/span>\n            <\/div>    \n                    <div class=\"icon-content\">\n                <h5 class=\"icon-title\">\n                                        Domina m\u016bs\u0173 teikiamos paslaugos?                                    <\/h5>\n                <p class=\"icon-description\"><\/p>\n            <\/div>\n        <\/div>\n    <\/div>\n            <\/div>\n            \n        [\/vc_column_inner][vc_column_inner width=&#8221;1\/4&#8243;][vc_column_text]<\/p>\n<p style=\"text-align: right;\"><a class=\"revo_button_1\" href=\"\/kontaktai\">Susisiekite<\/a><\/p>\n<p>[\/vc_column_text][\/vc_column_inner][\/vc_row_inner][\/vc_column][\/vc_row]<\/p>","protected":false},"excerpt":{"rendered":"<p>[vc_row full_width=&#8221;stretch_row&#8221; css=&#8221;.vc_custom_1560400246881{padding-top: 0% !important;padding-bottom: 6% !important;}&#8221; el_class=&#8221;our-services-1&#8243;][vc_column][vc_row_inner][vc_column_inner][\/vc_column_inner][\/vc_row_inner][vc_row_inner][vc_column_inner][\/vc_column_inner][\/vc_row_inner][vc_row_inner][vc_column_inner][\/vc_column_inner][\/vc_row_inner][vc_row_inner][vc_column_inner][\/vc_column_inner][\/vc_row_inner][vc_row_inner][vc_column_inner][\/vc_column_inner][\/vc_row_inner][vc_row_inner][vc_column_inner][\/vc_column_inner][\/vc_row_inner][\/vc_column][\/vc_row][vc_row full_width=&#8221;stretch_row&#8221; css=&#8221;.vc_custom_1560400122232{padding-top: 5% !important;padding-bottom: 1% !important;background-color: #f9f9f9 !important;}&#8221; el_id=&#8221;paslaugos&#8221;][vc_column css=&#8221;.vc_custom_1560400028709{padding-top: 0px !important;}&#8221;][vc_row_inner content_placement=&#8221;middle&#8221; css=&#8221;.vc_custom_1560400048039{padding-top: 0px !important;}&#8221;][vc_column_inner width=&#8221;3\/4&#8243;][\/vc_column_inner][vc_column_inner width=&#8221;1\/4&#8243;][vc_column_text] Susisiekite [\/vc_column_text][\/vc_column_inner][\/vc_row_inner][\/vc_column][\/vc_row]<\/p>\n","protected":false},"author":2,"featured_media":0,"parent":0,"menu_order":0,"comment_status":"closed","ping_status":"closed","template":"","meta":{"footnotes":""},"class_list":["post-1822","page","type-page","status-publish","hentry","clearfix"],"yoast_head":"<!-- This site is optimized with the Yoast SEO plugin v24.3 - https:\/\/yoast.com\/wordpress\/plugins\/seo\/ -->\n<title>Skraju\u010di\u0173 gamyba | Sprinteksas<\/title>\n<meta name=\"description\" content=\"Skrajut\u0117s - tai greitas ir pigus b\u016bdas reklamuoti prek\u0119 ar paslaug\u0105. Skraju\u010di\u0173 gamyba greitai ir kokybi\u0161kai. Atliksime darbus nuo maketo iki spausdinimo.\" \/>\n<meta name=\"robots\" content=\"index, follow, max-snippet:-1, max-image-preview:large, max-video-preview:-1\" \/>\n<link rel=\"canonical\" href=\"https:\/\/sprinteksas.lt\/en\/flyers\/\" \/>\n<meta property=\"og:locale\" content=\"en_US\" \/>\n<meta property=\"og:type\" content=\"article\" \/>\n<meta property=\"og:title\" content=\"Skraju\u010di\u0173 gamyba | Sprinteksas\" \/>\n<meta property=\"og:description\" content=\"Skrajut\u0117s - tai greitas ir pigus b\u016bdas reklamuoti prek\u0119 ar paslaug\u0105. Skraju\u010di\u0173 gamyba greitai ir kokybi\u0161kai. Atliksime darbus nuo maketo iki spausdinimo.\" \/>\n<meta property=\"og:url\" content=\"https:\/\/sprinteksas.lt\/en\/flyers\/\" \/>\n<meta property=\"og:site_name\" content=\"Sprinteksas\" \/>\n<meta property=\"article:modified_time\" content=\"2026-01-28T08:37:37+00:00\" \/>\n<meta name=\"twitter:card\" content=\"summary_large_image\" \/>\n<meta name=\"twitter:label1\" content=\"Est. reading time\" \/>\n\t<meta name=\"twitter:data1\" content=\"6 minutes\" \/>\n<script type=\"application\/ld+json\" class=\"yoast-schema-graph\">{\"@context\":\"https:\/\/schema.org\",\"@graph\":[{\"@type\":\"WebPage\",\"@id\":\"https:\/\/sprinteksas.lt\/en\/flyers\/\",\"url\":\"https:\/\/sprinteksas.lt\/en\/flyers\/\",\"name\":\"Skraju\u010di\u0173 gamyba | Sprinteksas\",\"isPartOf\":{\"@id\":\"https:\/\/sprinteksas.lt\/#website\"},\"datePublished\":\"2023-04-26T03:33:49+00:00\",\"dateModified\":\"2026-01-28T08:37:37+00:00\",\"description\":\"Skrajut\u0117s - tai greitas ir pigus b\u016bdas reklamuoti prek\u0119 ar paslaug\u0105. Skraju\u010di\u0173 gamyba greitai ir kokybi\u0161kai. Atliksime darbus nuo maketo iki spausdinimo.\",\"breadcrumb\":{\"@id\":\"https:\/\/sprinteksas.lt\/en\/flyers\/#breadcrumb\"},\"inLanguage\":\"en-US\",\"potentialAction\":[{\"@type\":\"ReadAction\",\"target\":[\"https:\/\/sprinteksas.lt\/en\/flyers\/\"]}]},{\"@type\":\"BreadcrumbList\",\"@id\":\"https:\/\/sprinteksas.lt\/en\/flyers\/#breadcrumb\",\"itemListElement\":[{\"@type\":\"ListItem\",\"position\":1,\"name\":\"Prad\u017eia\",\"item\":\"https:\/\/sprinteksas.lt\/\"},{\"@type\":\"ListItem\",\"position\":2,\"name\":\"Leaflets\"}]},{\"@type\":\"WebSite\",\"@id\":\"https:\/\/sprinteksas.lt\/#website\",\"url\":\"https:\/\/sprinteksas.lt\/\",\"name\":\"Sprinteksas\",\"description\":\"Reklamin\u0117s spaudos profesionalai\",\"potentialAction\":[{\"@type\":\"SearchAction\",\"target\":{\"@type\":\"EntryPoint\",\"urlTemplate\":\"https:\/\/sprinteksas.lt\/?s={search_term_string}\"},\"query-input\":{\"@type\":\"PropertyValueSpecification\",\"valueRequired\":true,\"valueName\":\"search_term_string\"}}],\"inLanguage\":\"en-US\"}]}<\/script>\n<!-- \/ Yoast SEO plugin. -->","yoast_head_json":{"title":"Skraju\u010di\u0173 gamyba | Sprinteksas","description":"Skrajut\u0117s - tai greitas ir pigus b\u016bdas reklamuoti prek\u0119 ar paslaug\u0105. Skraju\u010di\u0173 gamyba greitai ir kokybi\u0161kai. Atliksime darbus nuo maketo iki spausdinimo.","robots":{"index":"index","follow":"follow","max-snippet":"max-snippet:-1","max-image-preview":"max-image-preview:large","max-video-preview":"max-video-preview:-1"},"canonical":"https:\/\/sprinteksas.lt\/en\/flyers\/","og_locale":"en_US","og_type":"article","og_title":"Skraju\u010di\u0173 gamyba | Sprinteksas","og_description":"Skrajut\u0117s - tai greitas ir pigus b\u016bdas reklamuoti prek\u0119 ar paslaug\u0105. Skraju\u010di\u0173 gamyba greitai ir kokybi\u0161kai. Atliksime darbus nuo maketo iki spausdinimo.","og_url":"https:\/\/sprinteksas.lt\/en\/flyers\/","og_site_name":"Sprinteksas","article_modified_time":"2026-01-28T08:37:37+00:00","twitter_card":"summary_large_image","twitter_misc":{"Est. reading time":"6 minutes"},"schema":{"@context":"https:\/\/schema.org","@graph":[{"@type":"WebPage","@id":"https:\/\/sprinteksas.lt\/en\/flyers\/","url":"https:\/\/sprinteksas.lt\/en\/flyers\/","name":"Skraju\u010di\u0173 gamyba | Sprinteksas","isPartOf":{"@id":"https:\/\/sprinteksas.lt\/#website"},"datePublished":"2023-04-26T03:33:49+00:00","dateModified":"2026-01-28T08:37:37+00:00","description":"Skrajut\u0117s - tai greitas ir pigus b\u016bdas reklamuoti prek\u0119 ar paslaug\u0105. Skraju\u010di\u0173 gamyba greitai ir kokybi\u0161kai. Atliksime darbus nuo maketo iki spausdinimo.","breadcrumb":{"@id":"https:\/\/sprinteksas.lt\/en\/flyers\/#breadcrumb"},"inLanguage":"en-US","potentialAction":[{"@type":"ReadAction","target":["https:\/\/sprinteksas.lt\/en\/flyers\/"]}]},{"@type":"BreadcrumbList","@id":"https:\/\/sprinteksas.lt\/en\/flyers\/#breadcrumb","itemListElement":[{"@type":"ListItem","position":1,"name":"Prad\u017eia","item":"https:\/\/sprinteksas.lt\/"},{"@type":"ListItem","position":2,"name":"Leaflets"}]},{"@type":"WebSite","@id":"https:\/\/sprinteksas.lt\/#website","url":"https:\/\/sprinteksas.lt\/","name":"Sprinteksas","description":"Reklamin\u0117s spaudos profesionalai","potentialAction":[{"@type":"SearchAction","target":{"@type":"EntryPoint","urlTemplate":"https:\/\/sprinteksas.lt\/?s={search_term_string}"},"query-input":{"@type":"PropertyValueSpecification","valueRequired":true,"valueName":"search_term_string"}}],"inLanguage":"en-US"}]}},"_links":{"self":[{"href":"https:\/\/sprinteksas.lt\/en\/wp-json\/wp\/v2\/pages\/1822","targetHints":{"allow":["GET"]}}],"collection":[{"href":"https:\/\/sprinteksas.lt\/en\/wp-json\/wp\/v2\/pages"}],"about":[{"href":"https:\/\/sprinteksas.lt\/en\/wp-json\/wp\/v2\/types\/page"}],"author":[{"embeddable":true,"href":"https:\/\/sprinteksas.lt\/en\/wp-json\/wp\/v2\/users\/2"}],"replies":[{"embeddable":true,"href":"https:\/\/sprinteksas.lt\/en\/wp-json\/wp\/v2\/comments?post=1822"}],"version-history":[{"count":4,"href":"https:\/\/sprinteksas.lt\/en\/wp-json\/wp\/v2\/pages\/1822\/revisions"}],"predecessor-version":[{"id":1829,"href":"https:\/\/sprinteksas.lt\/en\/wp-json\/wp\/v2\/pages\/1822\/revisions\/1829"}],"wp:attachment":[{"href":"https:\/\/sprinteksas.lt\/en\/wp-json\/wp\/v2\/media?parent=1822"}],"curies":[{"name":"wp","href":"https:\/\/api.w.org\/{rel}","templated":true}]}}