{"id":1177,"date":"2019-06-13T03:19:20","date_gmt":"2019-06-13T05:19:20","guid":{"rendered":"http:\/\/sprinteksas.lt\/?page_id=1177"},"modified":"2026-01-28T06:35:35","modified_gmt":"2026-01-28T08:35:35","slug":"lipduku-gamyba","status":"publish","type":"page","link":"https:\/\/sprinteksas.lt\/sv\/flexografiskt-tryck\/","title":{"rendered":"Flexografiskt tryck"},"content":{"rendered":"<p>[vc_row full_width=&#8221;stretch_row&#8221; css=&#8221;.vc_custom_1560400246881{padding-top: 0% !important;padding-bottom: 6% !important;}&#8221; el_class=&#8221;our-services-1&#8243;][vc_column][vc_column_text]<\/p>\n<h2><b>Lipdukai<\/b><\/h2>\n<p><span style=\"font-weight: 400;\">Vienas i\u0161 labiausiai paplitusi\u0173 ir populiariausi\u0173 spaudos gamini\u0173 yra lipdukai. \u0160is produktas turi plat\u0173 pritaikymo spektr\u0105. Lipdukai gali b\u016bti naudojami kaip reklama, prek\u0117s atpa\u017einimo \u017eenklas, \u012fmon\u0117s reklamin\u0117 priemon\u0117 \u012fvairiuose renginiuose ar tiesiog kaip dizaino elementas. Lipduk\u0173 rinkodara pritraukia \u017ei\u016brov\u0173 d\u0117mes\u012f ir gali b\u016bti klijuojama itin \u012fvairiose vietose: ant sien\u0173, lang\u0173, automobili\u0173, kompiuteri\u0173, dur\u0173 ar net ant \u012fvairiausi\u0173 mechanizm\u0173. D\u0117l \u0161ios prie\u017easties tai yra galinga, nebrangi rinkodaros priemon\u0117.<\/span><\/p>\n<p><span style=\"font-weight: 400;\">Pas mus lipdukai gali b\u016bti gaminami\u00a0 bet kokio dyd\u017eio, formos ar spalv\u0173. Naudojamas med\u017eiagas pritaikysime pagal poreik\u012f, tad pagaminti lipdukai i\u0161liks kokybi\u0161ki bei atspar\u016bs kar\u0161\u010diui, \u0161al\u010diui ar kitoms numatytoms nepalankioms s\u0105lygoms.<\/span><\/p>\n<p><span style=\"font-weight: 400;\">Lipdukai pagal u\u017esakym\u0105. Lipduk\u0173 u\u017esakym\u0173 gamybos terminai priklauso nuo u\u017esakymo kiekio ir sud\u0117tingumo. Priklausomai nuo kiekio ir siekiamo tikslo, lipdukai da\u017eniausiai gaminami skaitmeniniu, ofsetiniu ar fleksografiniu b\u016bdu.<\/span><\/p>\n<h2><b>Lipduk\u0173 gamybos b\u016bdai:<\/b><\/h2>\n<p>[\/vc_column_text][vc_row_inner][vc_column_inner]                        <div class=\"  \">\n                <div class=\"banner-shortcode-wrap style_2 \">\n    <div class=\"banner-content-wrap clearfix right\">\n                    <div class=\"banner-image\">\n                <img decoding=\"async\" src=\"https:\/\/sprinteksas.lt\/wp-content\/uploads\/2023\/09\/fleksografija.webp\" alt=\"Fleksografija\">\n            <\/div>\n                <div class=\"banner-content-inner\">\n            <div class=\"banner-content\">\n                 \n                                    <h6 class=\"banner-title \">Fleksografija<span class=\"banner-sub-title\"><\/span><\/h6>\n                                                    <p class=\"banner-description\">Fleksografija tai spaudos b\u016bdas, kuriam yra reikalingos spaudos formos. Galime spausdinti iki 9 spalv\u0173. \u0160is spaudos b\u016bdas yra skirtas didesniems ir besikartojantiems lipduk\u0173 u\u017esakymams. Naujos spaudos ma\u0161in\u0173 technologijos laid\u017eia i\u0161gauti auk\u0161tos kokyb\u0117s spaud\u0105. Turime plat\u0173 lipduk\u0173 format\u0173 pasirinkim\u0105.<\/p>\n                            \n            <\/div>\n        <\/div>\n    <\/div>\n<\/div>            <\/div>\n                    [\/vc_column_inner][\/vc_row_inner][vc_row_inner][vc_column_inner]                        <div class=\"  \">\n                <div class=\"banner-shortcode-wrap style_2 \">\n    <div class=\"banner-content-wrap clearfix left\">\n                    <div class=\"banner-image\">\n                <img decoding=\"async\" src=\"https:\/\/sprinteksas.lt\/wp-content\/uploads\/2023\/09\/lipdukai-folijavimas.webp\" alt=\"Folijavimas\">\n            <\/div>\n                <div class=\"banner-content-inner\">\n            <div class=\"banner-content\">\n                 \n                                    <h6 class=\"banner-title \">Folijavimas<span class=\"banner-sub-title\"><\/span><\/h6>\n                                                    <p class=\"banner-description\">Folijavimas vienas i\u0161 populiariausi\u0173 \u0161ios dienos poreiki\u0173 etiket\u0117je. Toki\u0173 lipni\u0173 etike\u010di\u0173 gamyba - tai puo\u0161numo ir i\u0161skirtinumo elementas. Galime pasi\u016blyti plat\u0173 folijos pasirinkim\u0105: auksin\u0119, sidabrin\u0119, matin\u0119 ar halogramin\u0119 folij\u0105. Populiaru ant folijos spausdinti spalv\u0105, taip j\u0105 padarant gyvesn\u0119 ir spindin\u010di\u0105.<\/p>\n                            \n            <\/div>\n        <\/div>\n    <\/div>\n<\/div>            <\/div>\n                    [\/vc_column_inner][\/vc_row_inner][vc_row_inner][vc_column_inner]                        <div class=\"  \">\n                <div class=\"banner-shortcode-wrap style_2 \">\n    <div class=\"banner-content-wrap clearfix right\">\n                    <div class=\"banner-image\">\n                <img decoding=\"async\" src=\"https:\/\/sprinteksas.lt\/wp-content\/uploads\/2023\/09\/reljefine_spauda-1.webp\" alt=\"Reljefin\u0117\">\n            <\/div>\n                <div class=\"banner-content-inner\">\n            <div class=\"banner-content\">\n                 \n                                    <h6 class=\"banner-title \">Reljefin\u0117<span class=\"banner-sub-title\">spauda<\/span><\/h6>\n                                                    <p class=\"banner-description\">Etiket\u0117 gali i\u0161siskirti ir i\u0161kiliais elementais- reljefin\u0117 spauda. Tai daugiau prabangioms prek\u0117ms naudojamas b\u016bdas. Tam naudojama atskira metalin\u0117 spaudos forma. \u0160is i\u0161k\u0117limo b\u016bdas tinka tik popierin\u0117ms etiket\u0117ms. Ta\u010diau galima i\u0161kilum\u0105 atlikti ir \u0161ilkografiniu spaudos b\u016bdu, kai naudojamas \u0161ilkografinis lakas.<\/p>\n                            \n            <\/div>\n        <\/div>\n    <\/div>\n<\/div>            <\/div>\n                    [\/vc_column_inner][\/vc_row_inner][vc_row_inner][vc_column_inner]                        <div class=\"  \">\n                <div class=\"banner-shortcode-wrap style_2 \">\n    <div class=\"banner-content-wrap clearfix left\">\n                    <div class=\"banner-image\">\n                <img decoding=\"async\" src=\"https:\/\/sprinteksas.lt\/wp-content\/uploads\/2019\/07\/\u012evairios-med\u017eiagos.jpg\" alt=\"\u012evairios\">\n            <\/div>\n                <div class=\"banner-content-inner\">\n            <div class=\"banner-content\">\n                 \n                                    <h6 class=\"banner-title \">\u012evairios<span class=\"banner-sub-title\">med\u017eiagos<\/span><\/h6>\n                                                    <p class=\"banner-description\">Pas mus galimi \u012fvair\u016bs med\u017eiag\u0173 pasirinkimai: matinis, blizgaus popierius, \u012fvairios pl\u0117vel\u0117s, vyniniai popieriai, med\u017eio imitacijos lipni med\u017eiaga ir t. t. Turime metalizuot\u0173 popieri\u0173 ir pl\u0117veli\u0173. Fakt\u016brini\u0173, kurios jau yra su \u012fvairiais efektais.<\/p>\n                            \n            <\/div>\n        <\/div>\n    <\/div>\n<\/div>            <\/div>\n                    [\/vc_column_inner][\/vc_row_inner][vc_row_inner][vc_column_inner]                        <div class=\"  \">\n                <div class=\"banner-shortcode-wrap style_2 \">\n    <div class=\"banner-content-wrap clearfix right\">\n                    <div class=\"banner-image\">\n                <img decoding=\"async\" src=\"https:\/\/sprinteksas.lt\/wp-content\/uploads\/2019\/07\/Daugiasluoksn\u0117s-etiket\u0117s.jpg\" alt=\"Daugiasluoksn\u0117s\">\n            <\/div>\n                <div class=\"banner-content-inner\">\n            <div class=\"banner-content\">\n                 \n                                    <h6 class=\"banner-title \">Daugiasluoksn\u0117s<span class=\"banner-sub-title\">etiket\u0117s<\/span><\/h6>\n                                                    <p class=\"banner-description\">Daugiasluoksn\u0117s ( \u201ePeel-off\u201c) etiket\u0117s tai puikus sprendimas, kai ant ma\u017e\u0173 pakuo\u010di\u0173 reikia sutalpinti didel\u012f informacijos kiek\u012f. Dvisluoksn\u0117s etiket\u0117s turi tris kartus didesn\u012f pavir\u0161iaus plot\u0105 informacijai patalpinti. Jas galime pagaminti pagal j\u016bs\u0173 pageidaujam\u0105 form\u0105. Turime galimyb\u0119 pasi\u016blyti ir spaud\u0105 ant klij\u0173.<\/p>\n                            \n            <\/div>\n        <\/div>\n    <\/div>\n<\/div>            <\/div>\n                    [\/vc_column_inner][\/vc_row_inner][vc_row_inner][vc_column_inner][vc_column_text]<\/p>\n<h2>Lipduk\u0173 maketavimas<\/h2>\n<p>Jeigu jums yra reikalinga dizainerio paslauga maketuojant lipduk\u0105, sukursime ir unikal\u0173 bei \u0161iuolaiki\u0161k\u0105 lipduko dizain\u0105 pagal pateiktus poreikius. Individualizuotos etiket\u0117s leis jums i\u0161siskirti, o esteti\u0161kai sukurti lipdukai stiprina asociacijas su prek\u0117s \u017eenklu. Lipduk\u0173 maketavimo proceso metu atsi\u017evelgiame \u012f tai, kokia informacija turi b\u016bti ant lipduko ir profesionaliai j\u0105 i\u0161d\u0117stome ant pasirinkto lipduko formato ir dyd\u017eio.[\/vc_column_text][\/vc_column_inner][\/vc_row_inner][vc_row_inner][vc_column_inner][vc_column_text]<\/p>\n<h2>Lipduk\u0173 spausdinimas<\/h2>\n<p>\u012edomus ir unikalus dizainas stiprina prek\u0117s \u017eenklo \u017einomum\u0105, o kokybi\u0161kas lipduk\u0173 spausdinimas u\u017etikrina, kad lipdukus gal\u0117site naudoti ilgai ir patikimai. Naudojame pa\u017eangi\u0105 \u012frang\u0105 lipduk\u0173 spausdinimui, tad kokybi\u0161kai ir greitai galime atspausdinti didelius kiekius lipduk\u0173.[\/vc_column_text][\/vc_column_inner][\/vc_row_inner][\/vc_column][\/vc_row][vc_row full_width=&#8221;stretch_row&#8221; css=&#8221;.vc_custom_1560400122232{padding-top: 5% !important;padding-bottom: 1% !important;background-color: #f9f9f9 !important;}&#8221; el_id=&#8221;paslaugos&#8221;][vc_column css=&#8221;.vc_custom_1560400028709{padding-top: 0px !important;}&#8221;][vc_row_inner content_placement=&#8221;middle&#8221; css=&#8221;.vc_custom_1560400048039{padding-top: 0px !important;}&#8221;][vc_column_inner width=&#8221;3\/4&#8243;]            \n            <div class=\" \">\n                    <div class=\"icon-box-shortcode-wrap style_5 \">\n        <div class=\"icon-box-container\">\n                    <div class=\"icon-wrap\" style=\"color:#ef6b01\">\n                <span class=\"vc-oi vc-oi-comment\"><\/span>\n            <\/div>    \n                    <div class=\"icon-content\">\n                <h5 class=\"icon-title\">\n                                        Domina m\u016bs\u0173 teikiamos paslaugos?                                    <\/h5>\n                <p class=\"icon-description\"><\/p>\n            <\/div>\n        <\/div>\n    <\/div>\n            <\/div>\n            \n        [\/vc_column_inner][vc_column_inner width=&#8221;1\/4&#8243;][vc_column_text]<\/p>\n<p style=\"text-align: right;\"><a class=\"revo_button_1\" href=\"\/kontaktai\">Susisiekite<\/a><\/p>\n<p>[\/vc_column_text][\/vc_column_inner][\/vc_row_inner][\/vc_column][\/vc_row]<\/p>\n","protected":false},"excerpt":{"rendered":"<p>[vc_row full_width=&#8221;stretch_row&#8221; css=&#8221;.vc_custom_1560400246881{padding-top: 0% !important;padding-bottom: 6% !important;}&#8221; el_class=&#8221;our-services-1&#8243;][vc_column][vc_column_text] Lipdukai Vienas i\u0161 labiausiai paplitusi\u0173 ir populiariausi\u0173 spaudos gamini\u0173 yra lipdukai. \u0160is produktas turi plat\u0173 pritaikymo spektr\u0105. Lipdukai gali b\u016bti naudojami kaip reklama, prek\u0117s atpa\u017einimo \u017eenklas, \u012fmon\u0117s reklamin\u0117 priemon\u0117 \u012fvairiuose renginiuose ar tiesiog kaip dizaino elementas. Lipduk\u0173 rinkodara pritraukia \u017ei\u016brov\u0173 d\u0117mes\u012f ir gali b\u016bti klijuojama itin \u012fvairiose [&hellip;]<\/p>\n","protected":false},"author":1,"featured_media":0,"parent":0,"menu_order":0,"comment_status":"closed","ping_status":"closed","template":"","meta":{"footnotes":""},"class_list":["post-1177","page","type-page","status-publish","hentry","clearfix"],"yoast_head":"<!-- This site is optimized with the Yoast SEO plugin v24.3 - https:\/\/yoast.com\/wordpress\/plugins\/seo\/ -->\n<title>Lipdukai - Lipduk\u0173 gamyba | Sprinteksas<\/title>\n<meta name=\"description\" content=\"Lipduk\u0173 gamyba. \u012evairi\u0173 dyd\u017ei\u0173, form\u0173 ir spalv\u0173 lipduk\u0173 spausdinimas: balti, juodi ar spalvoti lipdukai. Profesionali ir kokybi\u0161ka spauda ir lipni\u0173 etike\u010di\u0173 gamyba.\" \/>\n<meta name=\"robots\" content=\"index, follow, max-snippet:-1, max-image-preview:large, max-video-preview:-1\" \/>\n<link rel=\"canonical\" href=\"https:\/\/sprinteksas.lt\/en\/colored-flexographic-labels\/\" \/>\n<meta property=\"og:locale\" content=\"sv_SE\" \/>\n<meta property=\"og:type\" content=\"article\" \/>\n<meta property=\"og:title\" content=\"Lipdukai - Lipduk\u0173 gamyba | Sprinteksas\" \/>\n<meta property=\"og:description\" content=\"Lipduk\u0173 gamyba. \u012evairi\u0173 dyd\u017ei\u0173, form\u0173 ir spalv\u0173 lipduk\u0173 spausdinimas: balti, juodi ar spalvoti lipdukai. Profesionali ir kokybi\u0161ka spauda ir lipni\u0173 etike\u010di\u0173 gamyba.\" \/>\n<meta property=\"og:url\" content=\"https:\/\/sprinteksas.lt\/en\/colored-flexographic-labels\/\" \/>\n<meta property=\"og:site_name\" content=\"Sprinteksas\" \/>\n<meta property=\"article:modified_time\" content=\"2026-01-28T08:35:35+00:00\" \/>\n<meta name=\"twitter:card\" content=\"summary_large_image\" \/>\n<meta name=\"twitter:label1\" content=\"Ber\u00e4knad l\u00e4stid\" \/>\n\t<meta name=\"twitter:data1\" content=\"3 minuter\" \/>\n<script type=\"application\/ld+json\" class=\"yoast-schema-graph\">{\"@context\":\"https:\/\/schema.org\",\"@graph\":[{\"@type\":\"WebPage\",\"@id\":\"https:\/\/sprinteksas.lt\/en\/colored-flexographic-labels\/\",\"url\":\"https:\/\/sprinteksas.lt\/en\/colored-flexographic-labels\/\",\"name\":\"Lipdukai - Lipduk\u0173 gamyba | Sprinteksas\",\"isPartOf\":{\"@id\":\"https:\/\/sprinteksas.lt\/#website\"},\"datePublished\":\"2019-06-13T05:19:20+00:00\",\"dateModified\":\"2026-01-28T08:35:35+00:00\",\"description\":\"Lipduk\u0173 gamyba. \u012evairi\u0173 dyd\u017ei\u0173, form\u0173 ir spalv\u0173 lipduk\u0173 spausdinimas: balti, juodi ar spalvoti lipdukai. Profesionali ir kokybi\u0161ka spauda ir lipni\u0173 etike\u010di\u0173 gamyba.\",\"breadcrumb\":{\"@id\":\"https:\/\/sprinteksas.lt\/en\/colored-flexographic-labels\/#breadcrumb\"},\"inLanguage\":\"sv-SE\",\"potentialAction\":[{\"@type\":\"ReadAction\",\"target\":[\"https:\/\/sprinteksas.lt\/en\/colored-flexographic-labels\/\"]}]},{\"@type\":\"BreadcrumbList\",\"@id\":\"https:\/\/sprinteksas.lt\/en\/colored-flexographic-labels\/#breadcrumb\",\"itemListElement\":[{\"@type\":\"ListItem\",\"position\":1,\"name\":\"Prad\u017eia\",\"item\":\"https:\/\/sprinteksas.lt\/\"},{\"@type\":\"ListItem\",\"position\":2,\"name\":\"Colored flexographic labels\"}]},{\"@type\":\"WebSite\",\"@id\":\"https:\/\/sprinteksas.lt\/#website\",\"url\":\"https:\/\/sprinteksas.lt\/\",\"name\":\"Sprinteksas\",\"description\":\"Reklamin\u0117s spaudos profesionalai\",\"potentialAction\":[{\"@type\":\"SearchAction\",\"target\":{\"@type\":\"EntryPoint\",\"urlTemplate\":\"https:\/\/sprinteksas.lt\/?s={search_term_string}\"},\"query-input\":{\"@type\":\"PropertyValueSpecification\",\"valueRequired\":true,\"valueName\":\"search_term_string\"}}],\"inLanguage\":\"sv-SE\"}]}<\/script>\n<!-- \/ Yoast SEO plugin. -->","yoast_head_json":{"title":"Lipdukai - Lipduk\u0173 gamyba | Sprinteksas","description":"Lipduk\u0173 gamyba. \u012evairi\u0173 dyd\u017ei\u0173, form\u0173 ir spalv\u0173 lipduk\u0173 spausdinimas: balti, juodi ar spalvoti lipdukai. Profesionali ir kokybi\u0161ka spauda ir lipni\u0173 etike\u010di\u0173 gamyba.","robots":{"index":"index","follow":"follow","max-snippet":"max-snippet:-1","max-image-preview":"max-image-preview:large","max-video-preview":"max-video-preview:-1"},"canonical":"https:\/\/sprinteksas.lt\/en\/colored-flexographic-labels\/","og_locale":"sv_SE","og_type":"article","og_title":"Lipdukai - Lipduk\u0173 gamyba | Sprinteksas","og_description":"Lipduk\u0173 gamyba. \u012evairi\u0173 dyd\u017ei\u0173, form\u0173 ir spalv\u0173 lipduk\u0173 spausdinimas: balti, juodi ar spalvoti lipdukai. Profesionali ir kokybi\u0161ka spauda ir lipni\u0173 etike\u010di\u0173 gamyba.","og_url":"https:\/\/sprinteksas.lt\/en\/colored-flexographic-labels\/","og_site_name":"Sprinteksas","article_modified_time":"2026-01-28T08:35:35+00:00","twitter_card":"summary_large_image","twitter_misc":{"Ber\u00e4knad l\u00e4stid":"3 minuter"},"schema":{"@context":"https:\/\/schema.org","@graph":[{"@type":"WebPage","@id":"https:\/\/sprinteksas.lt\/en\/colored-flexographic-labels\/","url":"https:\/\/sprinteksas.lt\/en\/colored-flexographic-labels\/","name":"Lipdukai - Lipduk\u0173 gamyba | Sprinteksas","isPartOf":{"@id":"https:\/\/sprinteksas.lt\/#website"},"datePublished":"2019-06-13T05:19:20+00:00","dateModified":"2026-01-28T08:35:35+00:00","description":"Lipduk\u0173 gamyba. \u012evairi\u0173 dyd\u017ei\u0173, form\u0173 ir spalv\u0173 lipduk\u0173 spausdinimas: balti, juodi ar spalvoti lipdukai. Profesionali ir kokybi\u0161ka spauda ir lipni\u0173 etike\u010di\u0173 gamyba.","breadcrumb":{"@id":"https:\/\/sprinteksas.lt\/en\/colored-flexographic-labels\/#breadcrumb"},"inLanguage":"sv-SE","potentialAction":[{"@type":"ReadAction","target":["https:\/\/sprinteksas.lt\/en\/colored-flexographic-labels\/"]}]},{"@type":"BreadcrumbList","@id":"https:\/\/sprinteksas.lt\/en\/colored-flexographic-labels\/#breadcrumb","itemListElement":[{"@type":"ListItem","position":1,"name":"Prad\u017eia","item":"https:\/\/sprinteksas.lt\/"},{"@type":"ListItem","position":2,"name":"Colored flexographic labels"}]},{"@type":"WebSite","@id":"https:\/\/sprinteksas.lt\/#website","url":"https:\/\/sprinteksas.lt\/","name":"Sprinteksas","description":"Reklamin\u0117s spaudos profesionalai","potentialAction":[{"@type":"SearchAction","target":{"@type":"EntryPoint","urlTemplate":"https:\/\/sprinteksas.lt\/?s={search_term_string}"},"query-input":{"@type":"PropertyValueSpecification","valueRequired":true,"valueName":"search_term_string"}}],"inLanguage":"sv-SE"}]}},"_links":{"self":[{"href":"https:\/\/sprinteksas.lt\/sv\/wp-json\/wp\/v2\/pages\/1177","targetHints":{"allow":["GET"]}}],"collection":[{"href":"https:\/\/sprinteksas.lt\/sv\/wp-json\/wp\/v2\/pages"}],"about":[{"href":"https:\/\/sprinteksas.lt\/sv\/wp-json\/wp\/v2\/types\/page"}],"author":[{"embeddable":true,"href":"https:\/\/sprinteksas.lt\/sv\/wp-json\/wp\/v2\/users\/1"}],"replies":[{"embeddable":true,"href":"https:\/\/sprinteksas.lt\/sv\/wp-json\/wp\/v2\/comments?post=1177"}],"version-history":[{"count":32,"href":"https:\/\/sprinteksas.lt\/sv\/wp-json\/wp\/v2\/pages\/1177\/revisions"}],"predecessor-version":[{"id":1849,"href":"https:\/\/sprinteksas.lt\/sv\/wp-json\/wp\/v2\/pages\/1177\/revisions\/1849"}],"wp:attachment":[{"href":"https:\/\/sprinteksas.lt\/sv\/wp-json\/wp\/v2\/media?parent=1177"}],"curies":[{"name":"wp","href":"https:\/\/api.w.org\/{rel}","templated":true}]}}