{"id":1183,"date":"2019-06-13T03:24:40","date_gmt":"2019-06-13T05:24:40","guid":{"rendered":"http:\/\/sprinteksas.lt\/?page_id=1183"},"modified":"2026-01-28T06:37:24","modified_gmt":"2026-01-28T08:37:24","slug":"skaitmenines-etiketes","status":"publish","type":"page","link":"https:\/\/sprinteksas.lt\/sv\/digitala-etiketter\/","title":{"rendered":"Digitala etiketter"},"content":{"rendered":"<p>[vc_row full_width=&#8221;stretch_row&#8221; css=&#8221;.vc_custom_1560400246881{padding-top: 0% !important;padding-bottom: 6% !important;}&#8221; el_class=&#8221;our-services-1&#8243;][vc_column][vc_row_inner][vc_column_inner]                        <div class=\"  \">\n                <div class=\"banner-shortcode-wrap style_2 \">\n    <div class=\"banner-content-wrap clearfix right\">\n                <div class=\"banner-content-inner\">\n            <div class=\"banner-content\">\n                 \n                                    <h6 class=\"banner-title \">H\u00f6g <span class=\"banner-sub-title\">kvalitet<\/span><\/h6>\n                                                    <p class=\"banner-description\">Digitaltryck \u00e4r ett snabbt s\u00e4tt att producera trycksaker av h\u00f6g kvalitet. Denna tryckmetod \u00e4r den b\u00e4sta n\u00e4r man beh\u00f6ver trycka sm\u00e5 volymer eller icke-standard format. Jobb med digital tryckutrustning \u00e4r extremt snabbt och av h\u00f6g kvalitet. Ljusa f\u00e4rger kommer att h\u00e5lla l\u00e4nge och korrekt valt lim kommer att garantera stark vidh\u00e4ftning till alla ytor. Klisterm\u00e4rken kan ha olika former: runda, fyrkantiga, rektangul\u00e4ra eller andra speciella former.<\/p>\n                            \n            <\/div>\n        <\/div>\n    <\/div>\n<\/div>            <\/div>\n                    [\/vc_column_inner][\/vc_row_inner][vc_row_inner][vc_column_inner]                        <div class=\"  \">\n                <div class=\"banner-shortcode-wrap style_2 \">\n    <div class=\"banner-content-wrap clearfix left\">\n                    <div class=\"banner-image\">\n                <img decoding=\"async\" src=\"https:\/\/sprinteksas.lt\/wp-content\/uploads\/2019\/08\/Skaitmenin\u0117s-etiket\u0117s-pla\u010dios-galimyb\u0117s.jpg\" alt=\"Stora \">\n            <\/div>\n                <div class=\"banner-content-inner\">\n            <div class=\"banner-content\">\n                 \n                                    <h6 class=\"banner-title \">Stora <span class=\"banner-sub-title\">m\u00f6jligheter<\/span><\/h6>\n                                                    <p class=\"banner-description\">V\u00e5ra digitala m\u00f6jligheter \u00e4r v\u00e4ldigt stora och inte \u00f6vertr\u00e4ffas av andra tryckmetoder. Vi kan g\u00f6ra fullst\u00e4ndig eller partiell lackering av digitala etiketter. Vi kan foliera guld-, silver- eller halogramfolie p\u00e5 etiketterna. Vi kan trycka p\u00e5 transparent film med vit f\u00e4rg. Alla dessa m\u00f6jligheter g\u00f6r det m\u00f6jligt att trycka dina vackra och exklusiva etiketter.<\/p>\n                            \n            <\/div>\n        <\/div>\n    <\/div>\n<\/div>            <\/div>\n                    [\/vc_column_inner][\/vc_row_inner][vc_row_inner][vc_column_inner]                        <div class=\"  \">\n                <div class=\"banner-shortcode-wrap style_2 \">\n    <div class=\"banner-content-wrap clearfix right\">\n                    <div class=\"banner-image\">\n                <img decoding=\"async\" src=\"https:\/\/sprinteksas.lt\/wp-content\/uploads\/2019\/07\/Auk\u0161ta-tekst\u0173-kokyb\u0117.jpg\" alt=\"H\u00f6g kvalitet\">\n            <\/div>\n                <div class=\"banner-content-inner\">\n            <div class=\"banner-content\">\n                 \n                                    <h6 class=\"banner-title \">H\u00f6g kvalitet<span class=\"banner-sub-title\">p\u00e5 texter<\/span><\/h6>\n                                                    <p class=\"banner-description\">Digitaltryck anv\u00e4nds \u00e4ven n\u00e4r det finns mycket liten text p\u00e5 etiketten och best\u00e4llningen inte \u00e4r stor. Etiketten rymmer mycket text och \u00e4r l\u00e4tt att l\u00e4sa. Kvalitet \u00e4r lika med flexografi och best\u00e4llningsvolymer kan vara sm\u00e5.<\/p>\n                            \n            <\/div>\n        <\/div>\n    <\/div>\n<\/div>            <\/div>\n                    [\/vc_column_inner][\/vc_row_inner][vc_row_inner][vc_column_inner]                        <div class=\"  \">\n                <div class=\"banner-shortcode-wrap style_2 \">\n    <div class=\"banner-content-wrap clearfix left\">\n                    <div class=\"banner-image\">\n                <img decoding=\"async\" src=\"https:\/\/sprinteksas.lt\/wp-content\/uploads\/2019\/08\/Skaitmenin\u0117s-etiket\u0117s-ivairus-formatai.jpg\" alt=\"Olika\">\n            <\/div>\n                <div class=\"banner-content-inner\">\n            <div class=\"banner-content\">\n                 \n                                    <h6 class=\"banner-title \">Olika<span class=\"banner-sub-title\">format<\/span><\/h6>\n                                                    <p class=\"banner-description\">Vid digitaltryck av klisterm\u00e4rken i sm\u00e5 m\u00e4ngder kan vi producera dem i olika format. Vi kan skapa de former du gillar, s\u00e5 trycker vi och klipper dem. Det \u00e4r mycket bekv\u00e4mt, billigt och snabbt att producera.<\/p>\n                            \n            <\/div>\n        <\/div>\n    <\/div>\n<\/div>            <\/div>\n                    [\/vc_column_inner][\/vc_row_inner][vc_row_inner][vc_column_inner]                        <div class=\"  \">\n                <div class=\"banner-shortcode-wrap style_2 \">\n    <div class=\"banner-content-wrap clearfix right\">\n                    <div class=\"banner-image\">\n                <img decoding=\"async\" src=\"https:\/\/sprinteksas.lt\/wp-content\/uploads\/2019\/08\/Kintama-informacija-Kintama-skai\u010di\u0173-seka.jpg\" alt=\"Variabel information. \">\n            <\/div>\n                <div class=\"banner-content-inner\">\n            <div class=\"banner-content\">\n                 \n                                    <h6 class=\"banner-title \">Variabel information. <span class=\"banner-sub-title\">Variabel nummerf\u00f6ljd.<\/span><\/h6>\n                                                    <p class=\"banner-description\">Med denna tryckmetod kan man trycka variabel numrering av bokst\u00e4ver eller siffror eller variabla streckkoder i mycket h\u00f6g kvalitet och mycket fint tryck. Deras kvalitet \u00e4r extremt h\u00f6g och det finns inga begr\u00e4nsningar f\u00f6r ordervolymer. Kan tryckas p\u00e5 papper eller film.<\/p>\n                            \n            <\/div>\n        <\/div>\n    <\/div>\n<\/div>            <\/div>\n                    [\/vc_column_inner][\/vc_row_inner][\/vc_column][\/vc_row][vc_row full_width=&#8221;stretch_row&#8221; css=&#8221;.vc_custom_1560400122232{padding-top: 5% !important;padding-bottom: 1% !important;background-color: #f9f9f9 !important;}&#8221; el_id=&#8221;paslaugos&#8221;][vc_column css=&#8221;.vc_custom_1560400028709{padding-top: 0px !important;}&#8221;][vc_row_inner content_placement=&#8221;middle&#8221; css=&#8221;.vc_custom_1560400048039{padding-top: 0px !important;}&#8221;][vc_column_inner width=&#8221;3\/4&#8243;]            \n            <div class=\" \">\n                    <div class=\"icon-box-shortcode-wrap style_5 \">\n        <div class=\"icon-box-container\">\n                    <div class=\"icon-wrap\" style=\"color:#ef6b01\">\n                <span class=\"vc-oi vc-oi-comment\"><\/span>\n            <\/div>    \n                    <div class=\"icon-content\">\n                <h5 class=\"icon-title\">\n                                        Intresserad av v\u00e5ra tj\u00e4nster?                                     <\/h5>\n                <p class=\"icon-description\"><\/p>\n            <\/div>\n        <\/div>\n    <\/div>\n            <\/div>\n            \n        [\/vc_column_inner][vc_column_inner width=&#8221;1\/4&#8243;][vc_column_text]<\/p>\n<p style=\"text-align: right;\"><a class=\"revo_button_1\" href=\"\/kontaktai\">Kontakta oss<\/a><\/p>\n<p>[\/vc_column_text][\/vc_column_inner][\/vc_row_inner][\/vc_column][\/vc_row]<\/p>","protected":false},"excerpt":{"rendered":"<p>[vc_row full_width=&#8221;stretch_row&#8221; css=&#8221;.vc_custom_1560400246881{padding-top: 0% !important;padding-bottom: 6% !important;}&#8221; el_class=&#8221;our-services-1&#8243;][vc_column][vc_row_inner][vc_column_inner][\/vc_column_inner][\/vc_row_inner][vc_row_inner][vc_column_inner][\/vc_column_inner][\/vc_row_inner][vc_row_inner][vc_column_inner][\/vc_column_inner][\/vc_row_inner][vc_row_inner][vc_column_inner][\/vc_column_inner][\/vc_row_inner][vc_row_inner][vc_column_inner][\/vc_column_inner][\/vc_row_inner][\/vc_column][\/vc_row][vc_row full_width=&#8221;stretch_row&#8221; css=&#8221;.vc_custom_1560400122232{padding-top: 5% !important;padding-bottom: 1% !important;background-color: #f9f9f9 !important;}&#8221; el_id=&#8221;paslaugos&#8221;][vc_column css=&#8221;.vc_custom_1560400028709{padding-top: 0px !important;}&#8221;][vc_row_inner content_placement=&#8221;middle&#8221; css=&#8221;.vc_custom_1560400048039{padding-top: 0px !important;}&#8221;][vc_column_inner width=&#8221;3\/4&#8243;][\/vc_column_inner][vc_column_inner width=&#8221;1\/4&#8243;][vc_column_text] Kontakta oss [\/vc_column_text][\/vc_column_inner][\/vc_row_inner][\/vc_column][\/vc_row]<\/p>\n","protected":false},"author":1,"featured_media":0,"parent":0,"menu_order":0,"comment_status":"closed","ping_status":"closed","template":"","meta":{"footnotes":""},"class_list":["post-1183","page","type-page","status-publish","hentry","clearfix"],"yoast_head":"<!-- This site is optimized with the Yoast SEO plugin v24.3 - https:\/\/yoast.com\/wordpress\/plugins\/seo\/ -->\n<title>Digitala etiketter | Sprinteksas<\/title>\n<meta name=\"robots\" content=\"index, follow, max-snippet:-1, max-image-preview:large, max-video-preview:-1\" \/>\n<link rel=\"canonical\" href=\"https:\/\/sprinteksas.lt\/en\/digital-press\/\" \/>\n<meta property=\"og:locale\" content=\"sv_SE\" \/>\n<meta property=\"og:type\" content=\"article\" \/>\n<meta property=\"og:title\" content=\"[:lt]Skaitmenin\u0117s etiket\u0117s[:en]Digital press[:sv]Digitala etiketter[:] | Sprinteksas\" \/>\n<meta property=\"og:description\" content=\"[vc_row full_width=&#8221;stretch_row&#8221; css=&#8221;.vc_custom_1560400246881{padding-top: 0% !important;padding-bottom: 6% !important;}&#8221; el_class=&#8221;our-services-1&#8243;][vc_column][vc_row_inner][vc_column_inner][\/vc_column_inner][\/vc_row_inner][vc_row_inner][vc_column_inner][\/vc_column_inner][\/vc_row_inner][vc_row_inner][vc_column_inner][\/vc_column_inner][\/vc_row_inner][vc_row_inner][vc_column_inner][\/vc_column_inner][\/vc_row_inner][vc_row_inner][vc_column_inner][\/vc_column_inner][\/vc_row_inner][\/vc_column][\/vc_row][vc_row full_width=&#8221;stretch_row&#8221; css=&#8221;.vc_custom_1560400122232{padding-top: 5% !important;padding-bottom: 1% !important;background-color: #f9f9f9 !important;}&#8221; el_id=&#8221;paslaugos&#8221;][vc_column css=&#8221;.vc_custom_1560400028709{padding-top: 0px !important;}&#8221;][vc_row_inner content_placement=&#8221;middle&#8221; css=&#8221;.vc_custom_1560400048039{padding-top: 0px !important;}&#8221;][vc_column_inner width=&#8221;3\/4&#8243;][\/vc_column_inner][vc_column_inner width=&#8221;1\/4&#8243;][vc_column_text] Kontakta oss [\/vc_column_text][\/vc_column_inner][\/vc_row_inner][\/vc_column][\/vc_row]\" \/>\n<meta property=\"og:url\" content=\"https:\/\/sprinteksas.lt\/en\/digital-press\/\" \/>\n<meta property=\"og:site_name\" content=\"Sprinteksas\" \/>\n<meta property=\"article:modified_time\" content=\"2026-01-28T08:37:24+00:00\" \/>\n<meta name=\"twitter:card\" content=\"summary_large_image\" \/>\n<meta name=\"twitter:label1\" content=\"Ber\u00e4knad l\u00e4stid\" \/>\n\t<meta name=\"twitter:data1\" content=\"4 minuter\" \/>\n<script type=\"application\/ld+json\" class=\"yoast-schema-graph\">{\"@context\":\"https:\/\/schema.org\",\"@graph\":[{\"@type\":\"WebPage\",\"@id\":\"https:\/\/sprinteksas.lt\/en\/digital-press\/\",\"url\":\"https:\/\/sprinteksas.lt\/en\/digital-press\/\",\"name\":\"[:lt]Skaitmenin\u0117s etiket\u0117s[:en]Digital press[:sv]Digitala etiketter[:] | Sprinteksas\",\"isPartOf\":{\"@id\":\"https:\/\/sprinteksas.lt\/#website\"},\"datePublished\":\"2019-06-13T05:24:40+00:00\",\"dateModified\":\"2026-01-28T08:37:24+00:00\",\"breadcrumb\":{\"@id\":\"https:\/\/sprinteksas.lt\/en\/digital-press\/#breadcrumb\"},\"inLanguage\":\"sv-SE\",\"potentialAction\":[{\"@type\":\"ReadAction\",\"target\":[\"https:\/\/sprinteksas.lt\/en\/digital-press\/\"]}]},{\"@type\":\"BreadcrumbList\",\"@id\":\"https:\/\/sprinteksas.lt\/en\/digital-press\/#breadcrumb\",\"itemListElement\":[{\"@type\":\"ListItem\",\"position\":1,\"name\":\"Prad\u017eia\",\"item\":\"https:\/\/sprinteksas.lt\/\"},{\"@type\":\"ListItem\",\"position\":2,\"name\":\"Digital press\"}]},{\"@type\":\"WebSite\",\"@id\":\"https:\/\/sprinteksas.lt\/#website\",\"url\":\"https:\/\/sprinteksas.lt\/\",\"name\":\"Sprinteksas\",\"description\":\"Reklamin\u0117s spaudos profesionalai\",\"potentialAction\":[{\"@type\":\"SearchAction\",\"target\":{\"@type\":\"EntryPoint\",\"urlTemplate\":\"https:\/\/sprinteksas.lt\/?s={search_term_string}\"},\"query-input\":{\"@type\":\"PropertyValueSpecification\",\"valueRequired\":true,\"valueName\":\"search_term_string\"}}],\"inLanguage\":\"sv-SE\"}]}<\/script>\n<!-- \/ Yoast SEO plugin. -->","yoast_head_json":{"title":"[:lt]Skaitmenin\u0117s etiket\u0117s[:en]Digital press[:sv]Digitala etiketter[:] | Sprinteksas","robots":{"index":"index","follow":"follow","max-snippet":"max-snippet:-1","max-image-preview":"max-image-preview:large","max-video-preview":"max-video-preview:-1"},"canonical":"https:\/\/sprinteksas.lt\/en\/digital-press\/","og_locale":"sv_SE","og_type":"article","og_title":"[:lt]Skaitmenin\u0117s etiket\u0117s[:en]Digital press[:sv]Digitala etiketter[:] | Sprinteksas","og_description":"[vc_row full_width=&#8221;stretch_row&#8221; css=&#8221;.vc_custom_1560400246881{padding-top: 0% !important;padding-bottom: 6% !important;}&#8221; el_class=&#8221;our-services-1&#8243;][vc_column][vc_row_inner][vc_column_inner][\/vc_column_inner][\/vc_row_inner][vc_row_inner][vc_column_inner][\/vc_column_inner][\/vc_row_inner][vc_row_inner][vc_column_inner][\/vc_column_inner][\/vc_row_inner][vc_row_inner][vc_column_inner][\/vc_column_inner][\/vc_row_inner][vc_row_inner][vc_column_inner][\/vc_column_inner][\/vc_row_inner][\/vc_column][\/vc_row][vc_row full_width=&#8221;stretch_row&#8221; css=&#8221;.vc_custom_1560400122232{padding-top: 5% !important;padding-bottom: 1% !important;background-color: #f9f9f9 !important;}&#8221; el_id=&#8221;paslaugos&#8221;][vc_column css=&#8221;.vc_custom_1560400028709{padding-top: 0px !important;}&#8221;][vc_row_inner content_placement=&#8221;middle&#8221; css=&#8221;.vc_custom_1560400048039{padding-top: 0px !important;}&#8221;][vc_column_inner width=&#8221;3\/4&#8243;][\/vc_column_inner][vc_column_inner width=&#8221;1\/4&#8243;][vc_column_text] Kontakta oss [\/vc_column_text][\/vc_column_inner][\/vc_row_inner][\/vc_column][\/vc_row]","og_url":"https:\/\/sprinteksas.lt\/en\/digital-press\/","og_site_name":"Sprinteksas","article_modified_time":"2026-01-28T08:37:24+00:00","twitter_card":"summary_large_image","twitter_misc":{"Ber\u00e4knad l\u00e4stid":"4 minuter"},"schema":{"@context":"https:\/\/schema.org","@graph":[{"@type":"WebPage","@id":"https:\/\/sprinteksas.lt\/en\/digital-press\/","url":"https:\/\/sprinteksas.lt\/en\/digital-press\/","name":"[:lt]Skaitmenin\u0117s etiket\u0117s[:en]Digital press[:sv]Digitala etiketter[:] | Sprinteksas","isPartOf":{"@id":"https:\/\/sprinteksas.lt\/#website"},"datePublished":"2019-06-13T05:24:40+00:00","dateModified":"2026-01-28T08:37:24+00:00","breadcrumb":{"@id":"https:\/\/sprinteksas.lt\/en\/digital-press\/#breadcrumb"},"inLanguage":"sv-SE","potentialAction":[{"@type":"ReadAction","target":["https:\/\/sprinteksas.lt\/en\/digital-press\/"]}]},{"@type":"BreadcrumbList","@id":"https:\/\/sprinteksas.lt\/en\/digital-press\/#breadcrumb","itemListElement":[{"@type":"ListItem","position":1,"name":"Prad\u017eia","item":"https:\/\/sprinteksas.lt\/"},{"@type":"ListItem","position":2,"name":"Digital press"}]},{"@type":"WebSite","@id":"https:\/\/sprinteksas.lt\/#website","url":"https:\/\/sprinteksas.lt\/","name":"Sprinteksas","description":"Reklamin\u0117s spaudos profesionalai","potentialAction":[{"@type":"SearchAction","target":{"@type":"EntryPoint","urlTemplate":"https:\/\/sprinteksas.lt\/?s={search_term_string}"},"query-input":{"@type":"PropertyValueSpecification","valueRequired":true,"valueName":"search_term_string"}}],"inLanguage":"sv-SE"}]}},"_links":{"self":[{"href":"https:\/\/sprinteksas.lt\/sv\/wp-json\/wp\/v2\/pages\/1183","targetHints":{"allow":["GET"]}}],"collection":[{"href":"https:\/\/sprinteksas.lt\/sv\/wp-json\/wp\/v2\/pages"}],"about":[{"href":"https:\/\/sprinteksas.lt\/sv\/wp-json\/wp\/v2\/types\/page"}],"author":[{"embeddable":true,"href":"https:\/\/sprinteksas.lt\/sv\/wp-json\/wp\/v2\/users\/1"}],"replies":[{"embeddable":true,"href":"https:\/\/sprinteksas.lt\/sv\/wp-json\/wp\/v2\/comments?post=1183"}],"version-history":[{"count":21,"href":"https:\/\/sprinteksas.lt\/sv\/wp-json\/wp\/v2\/pages\/1183\/revisions"}],"predecessor-version":[{"id":1817,"href":"https:\/\/sprinteksas.lt\/sv\/wp-json\/wp\/v2\/pages\/1183\/revisions\/1817"}],"wp:attachment":[{"href":"https:\/\/sprinteksas.lt\/sv\/wp-json\/wp\/v2\/media?parent=1183"}],"curies":[{"name":"wp","href":"https:\/\/api.w.org\/{rel}","templated":true}]}}