{"id":1189,"date":"2019-06-13T03:29:40","date_gmt":"2019-06-13T05:29:40","guid":{"rendered":"http:\/\/sprinteksas.lt\/?page_id=1189"},"modified":"2026-01-28T06:34:01","modified_gmt":"2026-01-28T08:34:01","slug":"vienspalves-etiketes-ir-bruksniniai-kodai","status":"publish","type":"page","link":"https:\/\/sprinteksas.lt\/sv\/svartvita-etiketter-och-streckkoder\/","title":{"rendered":"Svartvita etiketter och streckkoder"},"content":{"rendered":"<p>[vc_row full_width=&#8221;stretch_row&#8221; css=&#8221;.vc_custom_1560400246881{padding-top: 0% !important;padding-bottom: 6% !important;}&#8221; el_class=&#8221;our-services-1&#8243;][vc_column][vc_row_inner][vc_column_inner]                        <div class=\"  \">\n                <div class=\"banner-shortcode-wrap style_2 \">\n    <div class=\"banner-content-wrap clearfix right\">\n                    <div class=\"banner-image\">\n                <img decoding=\"async\" src=\"https:\/\/sprinteksas.lt\/wp-content\/uploads\/2019\/05\/Vienspalv\u0117s-etiket\u0117s-br\u016bk\u0161niniai-kodai.png\" alt=\"Monokroma \">\n            <\/div>\n                <div class=\"banner-content-inner\">\n            <div class=\"banner-content\">\n                 \n                                    <h6 class=\"banner-title \">Monokroma <span class=\"banner-sub-title\">klisterm\u00e4rken<\/span><\/h6>\n                                                    <p class=\"banner-description\">N\u00e4r tryckkvaliteten inte \u00e4r kr\u00e4vande, n\u00e4r man vill ha l\u00e5ga kostnader, n\u00e4r best\u00e4llningsvolymer av etiketter \u00e4r mycket sm\u00e5, och n\u00e4r information ofta \u00e4ndras (serienummer, streckkoder, adresser, beskrivningar, logistikkoder, etc.), d\u00e5 den optimala metoden \u00e4r termisk bel\u00e4ggning. Det \u00e4r en extremt kostnadseffektiv och snabb l\u00f6sning och informationen helt enkelt skrivs ut med speciella skrivare. Vi kan skriva ut klisterm\u00e4rken i olika storlekar.<\/p>\n                            \n            <\/div>\n        <\/div>\n    <\/div>\n<\/div>            <\/div>\n                    [\/vc_column_inner][\/vc_row_inner][vc_row_inner][vc_column_inner]                        <div class=\"  \">\n                <div class=\"banner-shortcode-wrap style_2 \">\n    <div class=\"banner-content-wrap clearfix left\">\n                    <div class=\"banner-image\">\n                <img decoding=\"async\" src=\"https:\/\/sprinteksas.lt\/wp-content\/uploads\/2019\/07\/kintami-skaiciai.jpg\" alt=\"Tryck av streckkoder och variabel \">\n            <\/div>\n                <div class=\"banner-content-inner\">\n            <div class=\"banner-content\">\n                 \n                                    <h6 class=\"banner-title \">Tryck av streckkoder och variabel <span class=\"banner-sub-title\">information<\/span><\/h6>\n                                                    <p class=\"banner-description\">M\u00e5nga f\u00f6retag beh\u00f6ver detta n\u00e4r de levererar varor till stormarknader, d\u00e4r identifiering av varor m\u00e5ste g\u00f6ras. Vi kan trycka olika variabla koder, streckkoder. Det \u00e4r m\u00f6jligt att tryck p\u00e5 f\u00e4rgade etikett\u00e4mnen.<\/p>\n                            \n            <\/div>\n        <\/div>\n    <\/div>\n<\/div>            <\/div>\n                    [\/vc_column_inner][\/vc_row_inner][vc_row_inner][vc_column_inner]                        <div class=\"  \">\n                <div class=\"banner-shortcode-wrap style_2 \">\n    <div class=\"banner-content-wrap clearfix right\">\n                    <div class=\"banner-image\">\n                <img decoding=\"async\" src=\"https:\/\/sprinteksas.lt\/wp-content\/uploads\/2019\/08\/Spauda-ant-spalvot\u0173-ruo\u0161ini\u0173.jpg\" alt=\"Tryck p\u00e5 f\u00e4rgat\">\n            <\/div>\n                <div class=\"banner-content-inner\">\n            <div class=\"banner-content\">\n                 \n                                    <h6 class=\"banner-title \">Tryck p\u00e5 f\u00e4rgat<span class=\"banner-sub-title\">material<\/span><\/h6>\n                                                    <p class=\"banner-description\">F\u00f6r vissa kunder \u00e4r det viktigt att ha en f\u00e4rdig f\u00e4rgetikett och vid behov trycka text p\u00e5 den. Detta \u00e4r mycket bekv\u00e4mt n\u00e4r det finns m\u00e5nga typer av produkter. D\u00e5 produceras ett stort antal f\u00e4rgade \u00e4mnen med flexografiskt tryck och trycks d\u00e4refter texter efter behov.<\/p>\n                            \n            <\/div>\n        <\/div>\n    <\/div>\n<\/div>            <\/div>\n                    [\/vc_column_inner][\/vc_row_inner][vc_row_inner][vc_column_inner]                        <div class=\"  \">\n                <div class=\"banner-shortcode-wrap style_2 \">\n    <div class=\"banner-content-wrap clearfix left\">\n                    <div class=\"banner-image\">\n                <img decoding=\"async\" src=\"https:\/\/sprinteksas.lt\/wp-content\/uploads\/2019\/07\/Tekstilin\u0117s-juostel\u0117s.jpg\" alt=\"Textilremsor\">\n            <\/div>\n                <div class=\"banner-content-inner\">\n            <div class=\"banner-content\">\n                 \n                                    <h6 class=\"banner-title \">Textilremsor<span class=\"banner-sub-title\"><\/span><\/h6>\n                                                    <p class=\"banner-description\">De anv\u00e4nds inom textilindustrin, vid m\u00f6bel- eller tygproduktion, d\u00e4r beh\u00f6vs information som m\u00e5ste t\u00e5la tv\u00e4tt. De mest popul\u00e4ra \u00e4r satin och nylon. Satinutseendet liknar en atlas, har lyxutseendet. Man f\u00e5r tv\u00e4tta i upp till 60\u00b0C temperatur. Sk\u00e4rningsytor kan g\u00e5r s\u00f6nder, s\u00e5 viks etiketten vanligtvis i mitten och \u00e4ndarna sys i produkten. Nylon - anv\u00e4nds vitt med svart tryck. Den \u00e4r kraftigare och mer universell.<\/p>\n                            \n            <\/div>\n        <\/div>\n    <\/div>\n<\/div>            <\/div>\n                    [\/vc_column_inner][\/vc_row_inner][vc_row_inner][vc_column_inner]                        <div class=\"  \">\n                <div class=\"banner-shortcode-wrap style_2 \">\n    <div class=\"banner-content-wrap clearfix right\">\n                    <div class=\"banner-image\">\n                <img decoding=\"async\" src=\"https:\/\/sprinteksas.lt\/wp-content\/uploads\/2019\/08\/Kintama-spauda-ant-dar\u017eovini\u0173-pramonei-skirt\u0173-juosteli\u0173-etike\u010di\u0173.jpg\" alt=\"Variabel tryck p\u00e5 remsor, \">\n            <\/div>\n                <div class=\"banner-content-inner\">\n            <div class=\"banner-content\">\n                 \n                                    <h6 class=\"banner-title \">Variabel tryck p\u00e5 remsor, <span class=\"banner-sub-title\">etiketter f\u00f6r gr\u00f6nsaksindustrin.<\/span><\/h6>\n                                                    <p class=\"banner-description\">Detta \u00e4r ett mycket bekv\u00e4mt s\u00e4tt att l\u00e4gga information p\u00e5 instabila eller dammiga f\u00f6rpackningar. Vi erbjuder v\u00e5ra kunder att producera en f\u00e4rgetikett eller band med f\u00f6retagsinformation och logotyp och sedan p\u00e5 baksidan kan man skriva texten om produkten: namn, beskrivning, vikt, streckkoder eller annan viktig eller obligatorisk information.<\/p>\n                            \n            <\/div>\n        <\/div>\n    <\/div>\n<\/div>            <\/div>\n                    [\/vc_column_inner][\/vc_row_inner][\/vc_column][\/vc_row][vc_row full_width=&#8221;stretch_row&#8221; css=&#8221;.vc_custom_1560400122232{padding-top: 5% !important;padding-bottom: 1% !important;background-color: #f9f9f9 !important;}&#8221; el_id=&#8221;paslaugos&#8221;][vc_column css=&#8221;.vc_custom_1560400028709{padding-top: 0px !important;}&#8221;][vc_row_inner content_placement=&#8221;middle&#8221; css=&#8221;.vc_custom_1560400048039{padding-top: 0px !important;}&#8221;][vc_column_inner width=&#8221;3\/4&#8243;]            \n            <div class=\" \">\n                    <div class=\"icon-box-shortcode-wrap style_5 \">\n        <div class=\"icon-box-container\">\n                    <div class=\"icon-wrap\" style=\"color:#ef6b01\">\n                <span class=\"vc-oi vc-oi-comment\"><\/span>\n            <\/div>    \n                    <div class=\"icon-content\">\n                <h5 class=\"icon-title\">\n                                        Intresserad av v\u00e5ra tj\u00e4nster?                                     <\/h5>\n                <p class=\"icon-description\"><\/p>\n            <\/div>\n        <\/div>\n    <\/div>\n            <\/div>\n            \n        [\/vc_column_inner][vc_column_inner width=&#8221;1\/4&#8243;][vc_column_text]<\/p>\n<p style=\"text-align: right;\"><a class=\"revo_button_1\" href=\"\/kontaktai\">Kontakta oss<\/a><\/p>\n<p>[\/vc_column_text][\/vc_column_inner][\/vc_row_inner][\/vc_column][\/vc_row]<\/p>","protected":false},"excerpt":{"rendered":"<p>[vc_row full_width=&#8221;stretch_row&#8221; css=&#8221;.vc_custom_1560400246881{padding-top: 0% !important;padding-bottom: 6% !important;}&#8221; el_class=&#8221;our-services-1&#8243;][vc_column][vc_row_inner][vc_column_inner][\/vc_column_inner][\/vc_row_inner][vc_row_inner][vc_column_inner][\/vc_column_inner][\/vc_row_inner][vc_row_inner][vc_column_inner][\/vc_column_inner][\/vc_row_inner][vc_row_inner][vc_column_inner][\/vc_column_inner][\/vc_row_inner][vc_row_inner][vc_column_inner][\/vc_column_inner][\/vc_row_inner][\/vc_column][\/vc_row][vc_row full_width=&#8221;stretch_row&#8221; css=&#8221;.vc_custom_1560400122232{padding-top: 5% !important;padding-bottom: 1% !important;background-color: #f9f9f9 !important;}&#8221; el_id=&#8221;paslaugos&#8221;][vc_column css=&#8221;.vc_custom_1560400028709{padding-top: 0px !important;}&#8221;][vc_row_inner content_placement=&#8221;middle&#8221; css=&#8221;.vc_custom_1560400048039{padding-top: 0px !important;}&#8221;][vc_column_inner width=&#8221;3\/4&#8243;][\/vc_column_inner][vc_column_inner width=&#8221;1\/4&#8243;][vc_column_text] Kontakta oss [\/vc_column_text][\/vc_column_inner][\/vc_row_inner][\/vc_column][\/vc_row]<\/p>\n","protected":false},"author":1,"featured_media":0,"parent":0,"menu_order":0,"comment_status":"closed","ping_status":"closed","template":"","meta":{"footnotes":""},"class_list":["post-1189","page","type-page","status-publish","hentry","clearfix"],"yoast_head":"<!-- This site is optimized with the Yoast SEO plugin v24.3 - https:\/\/yoast.com\/wordpress\/plugins\/seo\/ -->\n<title>Svartvita etiketter och streckkoder | Sprinteksas<\/title>\n<meta name=\"robots\" content=\"index, follow, max-snippet:-1, max-image-preview:large, max-video-preview:-1\" \/>\n<link rel=\"canonical\" href=\"https:\/\/sprinteksas.lt\/en\/black-and-white-labels-barcodes\/\" \/>\n<meta property=\"og:locale\" content=\"sv_SE\" \/>\n<meta property=\"og:type\" content=\"article\" \/>\n<meta property=\"og:title\" content=\"[:lt]Vienspalv\u0117s etiket\u0117s ir br\u016bk\u0161niniai kodai[:en]Black and white labels, barcodes[:sv]Svartvita etiketter och streckkoder[:] | Sprinteksas\" \/>\n<meta property=\"og:description\" content=\"[vc_row full_width=&#8221;stretch_row&#8221; css=&#8221;.vc_custom_1560400246881{padding-top: 0% !important;padding-bottom: 6% !important;}&#8221; el_class=&#8221;our-services-1&#8243;][vc_column][vc_row_inner][vc_column_inner][\/vc_column_inner][\/vc_row_inner][vc_row_inner][vc_column_inner][\/vc_column_inner][\/vc_row_inner][vc_row_inner][vc_column_inner][\/vc_column_inner][\/vc_row_inner][vc_row_inner][vc_column_inner][\/vc_column_inner][\/vc_row_inner][vc_row_inner][vc_column_inner][\/vc_column_inner][\/vc_row_inner][\/vc_column][\/vc_row][vc_row full_width=&#8221;stretch_row&#8221; css=&#8221;.vc_custom_1560400122232{padding-top: 5% !important;padding-bottom: 1% !important;background-color: #f9f9f9 !important;}&#8221; el_id=&#8221;paslaugos&#8221;][vc_column css=&#8221;.vc_custom_1560400028709{padding-top: 0px !important;}&#8221;][vc_row_inner content_placement=&#8221;middle&#8221; css=&#8221;.vc_custom_1560400048039{padding-top: 0px !important;}&#8221;][vc_column_inner width=&#8221;3\/4&#8243;][\/vc_column_inner][vc_column_inner width=&#8221;1\/4&#8243;][vc_column_text] Kontakta oss [\/vc_column_text][\/vc_column_inner][\/vc_row_inner][\/vc_column][\/vc_row]\" \/>\n<meta property=\"og:url\" content=\"https:\/\/sprinteksas.lt\/en\/black-and-white-labels-barcodes\/\" \/>\n<meta property=\"og:site_name\" content=\"Sprinteksas\" \/>\n<meta property=\"article:modified_time\" content=\"2026-01-28T08:34:01+00:00\" \/>\n<meta name=\"twitter:card\" content=\"summary_large_image\" \/>\n<meta name=\"twitter:label1\" content=\"Ber\u00e4knad l\u00e4stid\" \/>\n\t<meta name=\"twitter:data1\" content=\"5 minuter\" \/>\n<script type=\"application\/ld+json\" class=\"yoast-schema-graph\">{\"@context\":\"https:\/\/schema.org\",\"@graph\":[{\"@type\":\"WebPage\",\"@id\":\"https:\/\/sprinteksas.lt\/en\/black-and-white-labels-barcodes\/\",\"url\":\"https:\/\/sprinteksas.lt\/en\/black-and-white-labels-barcodes\/\",\"name\":\"[:lt]Vienspalv\u0117s etiket\u0117s ir br\u016bk\u0161niniai kodai[:en]Black and white labels, barcodes[:sv]Svartvita etiketter och streckkoder[:] | Sprinteksas\",\"isPartOf\":{\"@id\":\"https:\/\/sprinteksas.lt\/#website\"},\"datePublished\":\"2019-06-13T05:29:40+00:00\",\"dateModified\":\"2026-01-28T08:34:01+00:00\",\"breadcrumb\":{\"@id\":\"https:\/\/sprinteksas.lt\/en\/black-and-white-labels-barcodes\/#breadcrumb\"},\"inLanguage\":\"sv-SE\",\"potentialAction\":[{\"@type\":\"ReadAction\",\"target\":[\"https:\/\/sprinteksas.lt\/en\/black-and-white-labels-barcodes\/\"]}]},{\"@type\":\"BreadcrumbList\",\"@id\":\"https:\/\/sprinteksas.lt\/en\/black-and-white-labels-barcodes\/#breadcrumb\",\"itemListElement\":[{\"@type\":\"ListItem\",\"position\":1,\"name\":\"Prad\u017eia\",\"item\":\"https:\/\/sprinteksas.lt\/\"},{\"@type\":\"ListItem\",\"position\":2,\"name\":\"Black and white labels, barcodes\"}]},{\"@type\":\"WebSite\",\"@id\":\"https:\/\/sprinteksas.lt\/#website\",\"url\":\"https:\/\/sprinteksas.lt\/\",\"name\":\"Sprinteksas\",\"description\":\"Reklamin\u0117s spaudos profesionalai\",\"potentialAction\":[{\"@type\":\"SearchAction\",\"target\":{\"@type\":\"EntryPoint\",\"urlTemplate\":\"https:\/\/sprinteksas.lt\/?s={search_term_string}\"},\"query-input\":{\"@type\":\"PropertyValueSpecification\",\"valueRequired\":true,\"valueName\":\"search_term_string\"}}],\"inLanguage\":\"sv-SE\"}]}<\/script>\n<!-- \/ Yoast SEO plugin. -->","yoast_head_json":{"title":"[:lt]Vienspalv\u0117s etiket\u0117s ir br\u016bk\u0161niniai kodai[:en]Black and white labels, barcodes[:sv]Svartvita etiketter och streckkoder[:] | Sprinteksas","robots":{"index":"index","follow":"follow","max-snippet":"max-snippet:-1","max-image-preview":"max-image-preview:large","max-video-preview":"max-video-preview:-1"},"canonical":"https:\/\/sprinteksas.lt\/en\/black-and-white-labels-barcodes\/","og_locale":"sv_SE","og_type":"article","og_title":"[:lt]Vienspalv\u0117s etiket\u0117s ir br\u016bk\u0161niniai kodai[:en]Black and white labels, barcodes[:sv]Svartvita etiketter och streckkoder[:] | Sprinteksas","og_description":"[vc_row full_width=&#8221;stretch_row&#8221; css=&#8221;.vc_custom_1560400246881{padding-top: 0% !important;padding-bottom: 6% !important;}&#8221; el_class=&#8221;our-services-1&#8243;][vc_column][vc_row_inner][vc_column_inner][\/vc_column_inner][\/vc_row_inner][vc_row_inner][vc_column_inner][\/vc_column_inner][\/vc_row_inner][vc_row_inner][vc_column_inner][\/vc_column_inner][\/vc_row_inner][vc_row_inner][vc_column_inner][\/vc_column_inner][\/vc_row_inner][vc_row_inner][vc_column_inner][\/vc_column_inner][\/vc_row_inner][\/vc_column][\/vc_row][vc_row full_width=&#8221;stretch_row&#8221; css=&#8221;.vc_custom_1560400122232{padding-top: 5% !important;padding-bottom: 1% !important;background-color: #f9f9f9 !important;}&#8221; el_id=&#8221;paslaugos&#8221;][vc_column css=&#8221;.vc_custom_1560400028709{padding-top: 0px !important;}&#8221;][vc_row_inner content_placement=&#8221;middle&#8221; css=&#8221;.vc_custom_1560400048039{padding-top: 0px !important;}&#8221;][vc_column_inner width=&#8221;3\/4&#8243;][\/vc_column_inner][vc_column_inner width=&#8221;1\/4&#8243;][vc_column_text] Kontakta oss [\/vc_column_text][\/vc_column_inner][\/vc_row_inner][\/vc_column][\/vc_row]","og_url":"https:\/\/sprinteksas.lt\/en\/black-and-white-labels-barcodes\/","og_site_name":"Sprinteksas","article_modified_time":"2026-01-28T08:34:01+00:00","twitter_card":"summary_large_image","twitter_misc":{"Ber\u00e4knad l\u00e4stid":"5 minuter"},"schema":{"@context":"https:\/\/schema.org","@graph":[{"@type":"WebPage","@id":"https:\/\/sprinteksas.lt\/en\/black-and-white-labels-barcodes\/","url":"https:\/\/sprinteksas.lt\/en\/black-and-white-labels-barcodes\/","name":"[:lt]Vienspalv\u0117s etiket\u0117s ir br\u016bk\u0161niniai kodai[:en]Black and white labels, barcodes[:sv]Svartvita etiketter och streckkoder[:] | Sprinteksas","isPartOf":{"@id":"https:\/\/sprinteksas.lt\/#website"},"datePublished":"2019-06-13T05:29:40+00:00","dateModified":"2026-01-28T08:34:01+00:00","breadcrumb":{"@id":"https:\/\/sprinteksas.lt\/en\/black-and-white-labels-barcodes\/#breadcrumb"},"inLanguage":"sv-SE","potentialAction":[{"@type":"ReadAction","target":["https:\/\/sprinteksas.lt\/en\/black-and-white-labels-barcodes\/"]}]},{"@type":"BreadcrumbList","@id":"https:\/\/sprinteksas.lt\/en\/black-and-white-labels-barcodes\/#breadcrumb","itemListElement":[{"@type":"ListItem","position":1,"name":"Prad\u017eia","item":"https:\/\/sprinteksas.lt\/"},{"@type":"ListItem","position":2,"name":"Black and white labels, barcodes"}]},{"@type":"WebSite","@id":"https:\/\/sprinteksas.lt\/#website","url":"https:\/\/sprinteksas.lt\/","name":"Sprinteksas","description":"Reklamin\u0117s spaudos profesionalai","potentialAction":[{"@type":"SearchAction","target":{"@type":"EntryPoint","urlTemplate":"https:\/\/sprinteksas.lt\/?s={search_term_string}"},"query-input":{"@type":"PropertyValueSpecification","valueRequired":true,"valueName":"search_term_string"}}],"inLanguage":"sv-SE"}]}},"_links":{"self":[{"href":"https:\/\/sprinteksas.lt\/sv\/wp-json\/wp\/v2\/pages\/1189","targetHints":{"allow":["GET"]}}],"collection":[{"href":"https:\/\/sprinteksas.lt\/sv\/wp-json\/wp\/v2\/pages"}],"about":[{"href":"https:\/\/sprinteksas.lt\/sv\/wp-json\/wp\/v2\/types\/page"}],"author":[{"embeddable":true,"href":"https:\/\/sprinteksas.lt\/sv\/wp-json\/wp\/v2\/users\/1"}],"replies":[{"embeddable":true,"href":"https:\/\/sprinteksas.lt\/sv\/wp-json\/wp\/v2\/comments?post=1189"}],"version-history":[{"count":11,"href":"https:\/\/sprinteksas.lt\/sv\/wp-json\/wp\/v2\/pages\/1189\/revisions"}],"predecessor-version":[{"id":1583,"href":"https:\/\/sprinteksas.lt\/sv\/wp-json\/wp\/v2\/pages\/1189\/revisions\/1583"}],"wp:attachment":[{"href":"https:\/\/sprinteksas.lt\/sv\/wp-json\/wp\/v2\/media?parent=1189"}],"curies":[{"name":"wp","href":"https:\/\/api.w.org\/{rel}","templated":true}]}}