{"id":1193,"date":"2019-06-13T03:34:39","date_gmt":"2019-06-13T05:34:39","guid":{"rendered":"http:\/\/sprinteksas.lt\/?page_id=1193"},"modified":"2026-01-28T06:35:52","modified_gmt":"2026-01-28T08:35:52","slug":"lipniu-etikeciu-ruosiniai","status":"publish","type":"page","link":"https:\/\/sprinteksas.lt\/sv\/sjalvhaftande-material-for-etiketter\/","title":{"rendered":"Sj\u00e4lvh\u00e4ftande material f\u00f6r etiketter"},"content":{"rendered":"<p>[vc_row full_width=&#8221;stretch_row&#8221; css=&#8221;.vc_custom_1560400246881{padding-top: 0% !important;padding-bottom: 6% !important;}&#8221; el_class=&#8221;our-services-1&#8243;][vc_column][vc_row_inner][vc_column_inner]                        <div class=\"  \">\n                <div class=\"banner-shortcode-wrap style_2 \">\n    <div class=\"banner-content-wrap clearfix right\">\n                    <div class=\"banner-image\">\n                <img decoding=\"async\" src=\"https:\/\/sprinteksas.lt\/wp-content\/uploads\/2019\/05\/Ruo\u0161iniai.png\" alt=\"Vitt\">\n            <\/div>\n                <div class=\"banner-content-inner\">\n            <div class=\"banner-content\">\n                 \n                                    <h6 class=\"banner-title \">Vitt<span class=\"banner-sub-title\">etikettmaterial<\/span><\/h6>\n                                                    <p class=\"banner-description\">Material f\u00f6r sj\u00e4lvh\u00e4ftande etiketter \u00e4r vita sj\u00e4lvh\u00e4ftande etiketter. De trycks genom termisk \u00f6verf\u00f6ring med f\u00e4rgningsband i skrivarna. Olika klisterm\u00e4rkeformat \u00e4r m\u00f6jliga. Vi har ett stort urval av rektangul\u00e4ra eller specialformade klisterm\u00e4rken. Vid behov kan vi producera det klisterm\u00e4rke du vill ha.<\/p>\n                            \n            <\/div>\n        <\/div>\n    <\/div>\n<\/div>            <\/div>\n                    [\/vc_column_inner][\/vc_row_inner][vc_row_inner][vc_column_inner]                        <div class=\"  \">\n                <div class=\"banner-shortcode-wrap style_2 \">\n    <div class=\"banner-content-wrap clearfix left\">\n                    <div class=\"banner-image\">\n                <img decoding=\"async\" src=\"https:\/\/sprinteksas.lt\/wp-content\/uploads\/2019\/07\/Termo.jpg\" alt=\"Speciellt\">\n            <\/div>\n                <div class=\"banner-content-inner\">\n            <div class=\"banner-content\">\n                 \n                                    <h6 class=\"banner-title \">Speciellt<span class=\"banner-sub-title\">etikettmaterial<\/span><\/h6>\n                                                    <p class=\"banner-description\">Vi kan ocks\u00e5 producera klisterm\u00e4rkem\u00e4rken av glansigt papper, glansig, matt film. Andra material finns tillg\u00e4ngliga, s\u00e5som metalliserat silver- eller guldpapper. F\u00f6r den elektriska, kemiska industrin kan vi erbjuda metalliserad film med speciallim.<\/p>\n                            \n            <\/div>\n        <\/div>\n    <\/div>\n<\/div>            <\/div>\n                    [\/vc_column_inner][\/vc_row_inner][vc_row_inner][vc_column_inner]                        <div class=\"  \">\n                <div class=\"banner-shortcode-wrap style_2 \">\n    <div class=\"banner-content-wrap clearfix right\">\n                    <div class=\"banner-image\">\n                <img decoding=\"async\" src=\"https:\/\/sprinteksas.lt\/wp-content\/uploads\/2019\/07\/Ruo\u0161iniai-i\u0161-speciali\u0173-med\u017eiag\u0173.jpg\" alt=\"Ruo\u0161iniai i\u0161\">\n            <\/div>\n                <div class=\"banner-content-inner\">\n            <div class=\"banner-content\">\n                 \n                                    <h6 class=\"banner-title \">Ruo\u0161iniai i\u0161<span class=\"banner-sub-title\">speciali\u0173 med\u017eiag\u0173<\/span><\/h6>\n                                                    <p class=\"banner-description\">Galime pagaminti lipduk\u0173 ruo\u0161inius ir i\u0161 blizgaus popieriaus, blizgios, matin\u0117s pl\u0117vel\u0117s. Galimos ir kitokios med\u017eiagos, tokios kaip metalizuotas sidabrinis ar auksinis popierius. Elektros, chemijos pramonei galime pasi\u016blyti metalizuot\u0105 pl\u0117vel\u0119 su spec. klijais ir t.t.<\/p>\n                            \n            <\/div>\n        <\/div>\n    <\/div>\n<\/div>            <\/div>\n                    [\/vc_column_inner][\/vc_row_inner][vc_row_inner][vc_column_inner]                        <div class=\"  \">\n                <div class=\"banner-shortcode-wrap style_2 \">\n    <div class=\"banner-content-wrap clearfix left\">\n                    <div class=\"banner-image\">\n                <img decoding=\"async\" src=\"https:\/\/sprinteksas.lt\/wp-content\/uploads\/2019\/07\/da\u017ejuoste.jpg\" alt=\"F\u00e4rgband\">\n            <\/div>\n                <div class=\"banner-content-inner\">\n            <div class=\"banner-content\">\n                 \n                                    <h6 class=\"banner-title \">F\u00e4rgband<span class=\"banner-sub-title\"><\/span><\/h6>\n                                                    <p class=\"banner-description\">Vi kan erbjuda dig f\u00e4rgband f\u00f6r alla typer av skrivare. Beroende p\u00e5 vilka ytor du beh\u00f6ver skriva ut p\u00e5 - matt, glansigt papper, film, kartong eller textilremsor. Vi har f\u00e4rgband f\u00f6r varm st\u00e4mpling. Brett urval av f\u00e4rger \u00e4r tillg\u00e4ngligt.<\/p>\n                            \n            <\/div>\n        <\/div>\n    <\/div>\n<\/div>            <\/div>\n                    [\/vc_column_inner][\/vc_row_inner][vc_row_inner][vc_column_inner]                        <div class=\"  \">\n                <div class=\"banner-shortcode-wrap style_2 \">\n    <div class=\"banner-content-wrap clearfix right\">\n                    <div class=\"banner-image\">\n                <img decoding=\"async\" src=\"https:\/\/sprinteksas.lt\/wp-content\/uploads\/2019\/07\/Darzovine-juostele.jpg\" alt=\"Material f\u00f6r \">\n            <\/div>\n                <div class=\"banner-content-inner\">\n            <div class=\"banner-content\">\n                 \n                                    <h6 class=\"banner-title \">Material f\u00f6r <span class=\"banner-sub-title\">gr\u00f6nsaksetiketter <\/span><\/h6>\n                                                    <p class=\"banner-description\">Vi producerar remsor f\u00f6r m\u00e4rkning av f\u00f6rpackade gr\u00f6nsaker, d\u00e4r kunder sj\u00e4lva kan skriva information. Det kan ocks\u00e5 vara specialformade etiketter eller en kontinuerlig remsa. Ytan \u00e4r resistent mot fukt och smuts eftersom den \u00e4r t\u00e4ckt med film. P\u00e5 den kan vi skriva ut din logotyp, adress eller annan information du beh\u00f6ver. Och p\u00e5 insidan av etiketten kan kunden sj\u00e4lv skriva informationen med skrivaren.<\/p>\n                            \n            <\/div>\n        <\/div>\n    <\/div>\n<\/div>            <\/div>\n                    [\/vc_column_inner][\/vc_row_inner][\/vc_column][\/vc_row][vc_row full_width=&#8221;stretch_row&#8221; css=&#8221;.vc_custom_1560400122232{padding-top: 5% !important;padding-bottom: 1% !important;background-color: #f9f9f9 !important;}&#8221; el_id=&#8221;paslaugos&#8221;][vc_column css=&#8221;.vc_custom_1560400028709{padding-top: 0px !important;}&#8221;][vc_row_inner content_placement=&#8221;middle&#8221; css=&#8221;.vc_custom_1560400048039{padding-top: 0px !important;}&#8221;][vc_column_inner width=&#8221;3\/4&#8243;]            \n            <div class=\" \">\n                    <div class=\"icon-box-shortcode-wrap style_5 \">\n        <div class=\"icon-box-container\">\n                    <div class=\"icon-wrap\" style=\"color:#ef6b01\">\n                <span class=\"vc-oi vc-oi-comment\"><\/span>\n            <\/div>    \n                    <div class=\"icon-content\">\n                <h5 class=\"icon-title\">\n                                        Intresserad av v\u00e5ra tj\u00e4nster?                                     <\/h5>\n                <p class=\"icon-description\"><\/p>\n            <\/div>\n        <\/div>\n    <\/div>\n            <\/div>\n            \n        [\/vc_column_inner][vc_column_inner width=&#8221;1\/4&#8243;][vc_column_text]<\/p>\n<p style=\"text-align: right;\"><a class=\"revo_button_1\" href=\"\/kontaktai\">Kontakta oss<\/a><\/p>\n<p>[\/vc_column_text][\/vc_column_inner][\/vc_row_inner][\/vc_column][\/vc_row]<\/p>","protected":false},"excerpt":{"rendered":"<p>[vc_row full_width=&#8221;stretch_row&#8221; css=&#8221;.vc_custom_1560400246881{padding-top: 0% !important;padding-bottom: 6% !important;}&#8221; el_class=&#8221;our-services-1&#8243;][vc_column][vc_row_inner][vc_column_inner][\/vc_column_inner][\/vc_row_inner][vc_row_inner][vc_column_inner][\/vc_column_inner][\/vc_row_inner][vc_row_inner][vc_column_inner][\/vc_column_inner][\/vc_row_inner][vc_row_inner][vc_column_inner][\/vc_column_inner][\/vc_row_inner][vc_row_inner][vc_column_inner][\/vc_column_inner][\/vc_row_inner][\/vc_column][\/vc_row][vc_row full_width=&#8221;stretch_row&#8221; css=&#8221;.vc_custom_1560400122232{padding-top: 5% !important;padding-bottom: 1% !important;background-color: #f9f9f9 !important;}&#8221; el_id=&#8221;paslaugos&#8221;][vc_column css=&#8221;.vc_custom_1560400028709{padding-top: 0px !important;}&#8221;][vc_row_inner content_placement=&#8221;middle&#8221; css=&#8221;.vc_custom_1560400048039{padding-top: 0px !important;}&#8221;][vc_column_inner width=&#8221;3\/4&#8243;][\/vc_column_inner][vc_column_inner width=&#8221;1\/4&#8243;][vc_column_text] Kontakta oss [\/vc_column_text][\/vc_column_inner][\/vc_row_inner][\/vc_column][\/vc_row]<\/p>\n","protected":false},"author":1,"featured_media":0,"parent":0,"menu_order":0,"comment_status":"closed","ping_status":"closed","template":"","meta":{"footnotes":""},"class_list":["post-1193","page","type-page","status-publish","hentry","clearfix"],"yoast_head":"<!-- This site is optimized with the Yoast SEO plugin v24.3 - https:\/\/yoast.com\/wordpress\/plugins\/seo\/ -->\n<title>Sj\u00e4lvh\u00e4ftande material f\u00f6r etiketter | Sprinteksas<\/title>\n<meta name=\"description\" content=\"Lipnios etiket\u0117s u\u017e konkurencing\u0105 kain\u0105. Auk\u0161tos kokyb\u0117s \u012fvairi\u0173 dyd\u017ei\u0173 baltos ir spalvotos lipnios etiket\u0117s rulonuose, lipni\u0173 etike\u010di\u0173 ruo\u0161iniai.\" \/>\n<meta name=\"robots\" content=\"index, follow, max-snippet:-1, max-image-preview:large, max-video-preview:-1\" \/>\n<link rel=\"canonical\" href=\"https:\/\/sprinteksas.lt\/en\/sticky-label-blanks\/\" \/>\n<meta property=\"og:locale\" content=\"sv_SE\" \/>\n<meta property=\"og:type\" content=\"article\" \/>\n<meta property=\"og:title\" content=\"[:lt]Lipnios etiket\u0117s[:en]Sticky label blanks[:sv]Sj\u00e4lvh\u00e4ftande material f\u00f6r etiketter[:] | Sprinteksas\" \/>\n<meta property=\"og:description\" content=\"Lipnios etiket\u0117s u\u017e konkurencing\u0105 kain\u0105. Auk\u0161tos kokyb\u0117s \u012fvairi\u0173 dyd\u017ei\u0173 baltos ir spalvotos lipnios etiket\u0117s rulonuose, lipni\u0173 etike\u010di\u0173 ruo\u0161iniai.\" \/>\n<meta property=\"og:url\" content=\"https:\/\/sprinteksas.lt\/en\/sticky-label-blanks\/\" \/>\n<meta property=\"og:site_name\" content=\"Sprinteksas\" \/>\n<meta property=\"article:modified_time\" content=\"2026-01-28T08:35:52+00:00\" \/>\n<meta name=\"twitter:card\" content=\"summary_large_image\" \/>\n<meta name=\"twitter:label1\" content=\"Ber\u00e4knad l\u00e4stid\" \/>\n\t<meta name=\"twitter:data1\" content=\"5 minuter\" \/>\n<script type=\"application\/ld+json\" class=\"yoast-schema-graph\">{\"@context\":\"https:\/\/schema.org\",\"@graph\":[{\"@type\":\"WebPage\",\"@id\":\"https:\/\/sprinteksas.lt\/en\/sticky-label-blanks\/\",\"url\":\"https:\/\/sprinteksas.lt\/en\/sticky-label-blanks\/\",\"name\":\"[:lt]Lipnios etiket\u0117s[:en]Sticky label blanks[:sv]Sj\u00e4lvh\u00e4ftande material f\u00f6r etiketter[:] | Sprinteksas\",\"isPartOf\":{\"@id\":\"https:\/\/sprinteksas.lt\/#website\"},\"datePublished\":\"2019-06-13T05:34:39+00:00\",\"dateModified\":\"2026-01-28T08:35:52+00:00\",\"description\":\"Lipnios etiket\u0117s u\u017e konkurencing\u0105 kain\u0105. Auk\u0161tos kokyb\u0117s \u012fvairi\u0173 dyd\u017ei\u0173 baltos ir spalvotos lipnios etiket\u0117s rulonuose, lipni\u0173 etike\u010di\u0173 ruo\u0161iniai.\",\"breadcrumb\":{\"@id\":\"https:\/\/sprinteksas.lt\/en\/sticky-label-blanks\/#breadcrumb\"},\"inLanguage\":\"sv-SE\",\"potentialAction\":[{\"@type\":\"ReadAction\",\"target\":[\"https:\/\/sprinteksas.lt\/en\/sticky-label-blanks\/\"]}]},{\"@type\":\"BreadcrumbList\",\"@id\":\"https:\/\/sprinteksas.lt\/en\/sticky-label-blanks\/#breadcrumb\",\"itemListElement\":[{\"@type\":\"ListItem\",\"position\":1,\"name\":\"Prad\u017eia\",\"item\":\"https:\/\/sprinteksas.lt\/\"},{\"@type\":\"ListItem\",\"position\":2,\"name\":\"Sticky label blanks\"}]},{\"@type\":\"WebSite\",\"@id\":\"https:\/\/sprinteksas.lt\/#website\",\"url\":\"https:\/\/sprinteksas.lt\/\",\"name\":\"Sprinteksas\",\"description\":\"Reklamin\u0117s spaudos profesionalai\",\"potentialAction\":[{\"@type\":\"SearchAction\",\"target\":{\"@type\":\"EntryPoint\",\"urlTemplate\":\"https:\/\/sprinteksas.lt\/?s={search_term_string}\"},\"query-input\":{\"@type\":\"PropertyValueSpecification\",\"valueRequired\":true,\"valueName\":\"search_term_string\"}}],\"inLanguage\":\"sv-SE\"}]}<\/script>\n<!-- \/ Yoast SEO plugin. -->","yoast_head_json":{"title":"[:lt]Lipnios etiket\u0117s[:en]Sticky label blanks[:sv]Sj\u00e4lvh\u00e4ftande material f\u00f6r etiketter[:] | Sprinteksas","description":"Lipnios etiket\u0117s u\u017e konkurencing\u0105 kain\u0105. Auk\u0161tos kokyb\u0117s \u012fvairi\u0173 dyd\u017ei\u0173 baltos ir spalvotos lipnios etiket\u0117s rulonuose, lipni\u0173 etike\u010di\u0173 ruo\u0161iniai.","robots":{"index":"index","follow":"follow","max-snippet":"max-snippet:-1","max-image-preview":"max-image-preview:large","max-video-preview":"max-video-preview:-1"},"canonical":"https:\/\/sprinteksas.lt\/en\/sticky-label-blanks\/","og_locale":"sv_SE","og_type":"article","og_title":"[:lt]Lipnios etiket\u0117s[:en]Sticky label blanks[:sv]Sj\u00e4lvh\u00e4ftande material f\u00f6r etiketter[:] | Sprinteksas","og_description":"Lipnios etiket\u0117s u\u017e konkurencing\u0105 kain\u0105. Auk\u0161tos kokyb\u0117s \u012fvairi\u0173 dyd\u017ei\u0173 baltos ir spalvotos lipnios etiket\u0117s rulonuose, lipni\u0173 etike\u010di\u0173 ruo\u0161iniai.","og_url":"https:\/\/sprinteksas.lt\/en\/sticky-label-blanks\/","og_site_name":"Sprinteksas","article_modified_time":"2026-01-28T08:35:52+00:00","twitter_card":"summary_large_image","twitter_misc":{"Ber\u00e4knad l\u00e4stid":"5 minuter"},"schema":{"@context":"https:\/\/schema.org","@graph":[{"@type":"WebPage","@id":"https:\/\/sprinteksas.lt\/en\/sticky-label-blanks\/","url":"https:\/\/sprinteksas.lt\/en\/sticky-label-blanks\/","name":"[:lt]Lipnios etiket\u0117s[:en]Sticky label blanks[:sv]Sj\u00e4lvh\u00e4ftande material f\u00f6r etiketter[:] | Sprinteksas","isPartOf":{"@id":"https:\/\/sprinteksas.lt\/#website"},"datePublished":"2019-06-13T05:34:39+00:00","dateModified":"2026-01-28T08:35:52+00:00","description":"Lipnios etiket\u0117s u\u017e konkurencing\u0105 kain\u0105. Auk\u0161tos kokyb\u0117s \u012fvairi\u0173 dyd\u017ei\u0173 baltos ir spalvotos lipnios etiket\u0117s rulonuose, lipni\u0173 etike\u010di\u0173 ruo\u0161iniai.","breadcrumb":{"@id":"https:\/\/sprinteksas.lt\/en\/sticky-label-blanks\/#breadcrumb"},"inLanguage":"sv-SE","potentialAction":[{"@type":"ReadAction","target":["https:\/\/sprinteksas.lt\/en\/sticky-label-blanks\/"]}]},{"@type":"BreadcrumbList","@id":"https:\/\/sprinteksas.lt\/en\/sticky-label-blanks\/#breadcrumb","itemListElement":[{"@type":"ListItem","position":1,"name":"Prad\u017eia","item":"https:\/\/sprinteksas.lt\/"},{"@type":"ListItem","position":2,"name":"Sticky label blanks"}]},{"@type":"WebSite","@id":"https:\/\/sprinteksas.lt\/#website","url":"https:\/\/sprinteksas.lt\/","name":"Sprinteksas","description":"Reklamin\u0117s spaudos profesionalai","potentialAction":[{"@type":"SearchAction","target":{"@type":"EntryPoint","urlTemplate":"https:\/\/sprinteksas.lt\/?s={search_term_string}"},"query-input":{"@type":"PropertyValueSpecification","valueRequired":true,"valueName":"search_term_string"}}],"inLanguage":"sv-SE"}]}},"_links":{"self":[{"href":"https:\/\/sprinteksas.lt\/sv\/wp-json\/wp\/v2\/pages\/1193","targetHints":{"allow":["GET"]}}],"collection":[{"href":"https:\/\/sprinteksas.lt\/sv\/wp-json\/wp\/v2\/pages"}],"about":[{"href":"https:\/\/sprinteksas.lt\/sv\/wp-json\/wp\/v2\/types\/page"}],"author":[{"embeddable":true,"href":"https:\/\/sprinteksas.lt\/sv\/wp-json\/wp\/v2\/users\/1"}],"replies":[{"embeddable":true,"href":"https:\/\/sprinteksas.lt\/sv\/wp-json\/wp\/v2\/comments?post=1193"}],"version-history":[{"count":34,"href":"https:\/\/sprinteksas.lt\/sv\/wp-json\/wp\/v2\/pages\/1193\/revisions"}],"predecessor-version":[{"id":1785,"href":"https:\/\/sprinteksas.lt\/sv\/wp-json\/wp\/v2\/pages\/1193\/revisions\/1785"}],"wp:attachment":[{"href":"https:\/\/sprinteksas.lt\/sv\/wp-json\/wp\/v2\/media?parent=1193"}],"curies":[{"name":"wp","href":"https:\/\/api.w.org\/{rel}","templated":true}]}}