{"id":1202,"date":"2019-06-13T03:40:38","date_gmt":"2019-06-13T05:40:38","guid":{"rendered":"http:\/\/sprinteksas.lt\/?page_id=1202"},"modified":"2026-01-28T06:34:23","modified_gmt":"2026-01-28T08:34:23","slug":"dizaino-ir-maketavimo-paslaugos","status":"publish","type":"page","link":"https:\/\/sprinteksas.lt\/sv\/design-och-layouttjanster\/","title":{"rendered":"Design &#8211; och layouttj\u00e4nster"},"content":{"rendered":"<p>[vc_row full_width=&#8221;stretch_row&#8221; css=&#8221;.vc_custom_1568370153461{margin-bottom: 100px !important;padding-top: 0% !important;padding-bottom: 6% !important;}&#8221; el_class=&#8221;our-services-1&#8243;][vc_column][vc_row_inner][vc_column_inner]                        <div class=\"  \">\n                <div class=\"banner-shortcode-wrap style_2 \">\n    <div class=\"banner-content-wrap clearfix right\">\n                    <div class=\"banner-image\">\n                <img decoding=\"async\" src=\"https:\/\/sprinteksas.lt\/wp-content\/uploads\/2019\/07\/Dizaino-ir-maketavimo-paslaugos.png\" alt=\"Moderna \">\n            <\/div>\n                <div class=\"banner-content-inner\">\n            <div class=\"banner-content\">\n                 \n                                    <h6 class=\"banner-title \">Moderna <span class=\"banner-sub-title\">id\u00e9er<\/span><\/h6>\n                                                    <p class=\"banner-description\">Vi erbjuder kvalitetsdesign och layouttj\u00e4nster till l\u00e5ga kostnader. Vi brister inte p\u00e5 originella, moderna id\u00e9er, s\u00e5 vi kan skapa unik design. Vi kan g\u00f6ra korrigeringar av befintliga layouter och m\u00f6nster och f\u00f6rb\u00e4ttra dem enligt dina \u00f6nskem\u00e5l. Anf\u00f6rtro detta arbete oss \u2013 proffessionella.<\/p>\n                            \n            <\/div>\n        <\/div>\n    <\/div>\n<\/div>            <\/div>\n                    [\/vc_column_inner][\/vc_row_inner][\/vc_column][\/vc_row][vc_row full_width=&#8221;stretch_row&#8221; css=&#8221;.vc_custom_1560400122232{padding-top: 5% !important;padding-bottom: 1% !important;background-color: #f9f9f9 !important;}&#8221; el_id=&#8221;paslaugos&#8221;][vc_column css=&#8221;.vc_custom_1560400028709{padding-top: 0px !important;}&#8221;][vc_row_inner content_placement=&#8221;middle&#8221; css=&#8221;.vc_custom_1560400048039{padding-top: 0px !important;}&#8221;][vc_column_inner width=&#8221;3\/4&#8243;]            \n            <div class=\" \">\n                    <div class=\"icon-box-shortcode-wrap style_5 \">\n        <div class=\"icon-box-container\">\n                    <div class=\"icon-wrap\" style=\"color:#ef6b01\">\n                <span class=\"vc-oi vc-oi-comment\"><\/span>\n            <\/div>    \n                    <div class=\"icon-content\">\n                <h5 class=\"icon-title\">\n                                        Intresserad av v\u00e5ra tj\u00e4nster?                                     <\/h5>\n                <p class=\"icon-description\"><\/p>\n            <\/div>\n        <\/div>\n    <\/div>\n            <\/div>\n            \n        [\/vc_column_inner][vc_column_inner width=&#8221;1\/4&#8243;][vc_column_text]<\/p>\n<p style=\"text-align: right;\"><a class=\"revo_button_1\" href=\"\/kontaktai\">Kontakta oss<\/a><\/p>\n<p>[\/vc_column_text][\/vc_column_inner][\/vc_row_inner][\/vc_column][\/vc_row]<\/p>","protected":false},"excerpt":{"rendered":"<p>[vc_row full_width=&#8221;stretch_row&#8221; css=&#8221;.vc_custom_1568370153461{margin-bottom: 100px !important;padding-top: 0% !important;padding-bottom: 6% !important;}&#8221; el_class=&#8221;our-services-1&#8243;][vc_column][vc_row_inner][vc_column_inner][\/vc_column_inner][\/vc_row_inner][\/vc_column][\/vc_row][vc_row full_width=&#8221;stretch_row&#8221; css=&#8221;.vc_custom_1560400122232{padding-top: 5% !important;padding-bottom: 1% !important;background-color: #f9f9f9 !important;}&#8221; el_id=&#8221;paslaugos&#8221;][vc_column css=&#8221;.vc_custom_1560400028709{padding-top: 0px !important;}&#8221;][vc_row_inner content_placement=&#8221;middle&#8221; css=&#8221;.vc_custom_1560400048039{padding-top: 0px !important;}&#8221;][vc_column_inner width=&#8221;3\/4&#8243;][\/vc_column_inner][vc_column_inner width=&#8221;1\/4&#8243;][vc_column_text] Kontakta oss [\/vc_column_text][\/vc_column_inner][\/vc_row_inner][\/vc_column][\/vc_row]<\/p>\n","protected":false},"author":1,"featured_media":0,"parent":0,"menu_order":0,"comment_status":"closed","ping_status":"closed","template":"","meta":{"footnotes":""},"class_list":["post-1202","page","type-page","status-publish","hentry","clearfix"],"yoast_head":"<!-- This site is optimized with the Yoast SEO plugin v24.3 - https:\/\/yoast.com\/wordpress\/plugins\/seo\/ -->\n<title>Design - och layouttj\u00e4nster | Sprinteksas<\/title>\n<meta name=\"robots\" content=\"index, follow, max-snippet:-1, max-image-preview:large, max-video-preview:-1\" \/>\n<link rel=\"canonical\" href=\"https:\/\/sprinteksas.lt\/en\/design-and-layout-services\/\" \/>\n<meta property=\"og:locale\" content=\"sv_SE\" \/>\n<meta property=\"og:type\" content=\"article\" \/>\n<meta property=\"og:title\" content=\"[:lt]Dizaino ir maketavimo paslaugos[:en]Design and layout services[:sv]Design - och layouttj\u00e4nster[:] | Sprinteksas\" \/>\n<meta property=\"og:description\" content=\"[vc_row full_width=&#8221;stretch_row&#8221; css=&#8221;.vc_custom_1568370153461{margin-bottom: 100px !important;padding-top: 0% !important;padding-bottom: 6% !important;}&#8221; el_class=&#8221;our-services-1&#8243;][vc_column][vc_row_inner][vc_column_inner][\/vc_column_inner][\/vc_row_inner][\/vc_column][\/vc_row][vc_row full_width=&#8221;stretch_row&#8221; css=&#8221;.vc_custom_1560400122232{padding-top: 5% !important;padding-bottom: 1% !important;background-color: #f9f9f9 !important;}&#8221; el_id=&#8221;paslaugos&#8221;][vc_column css=&#8221;.vc_custom_1560400028709{padding-top: 0px !important;}&#8221;][vc_row_inner content_placement=&#8221;middle&#8221; css=&#8221;.vc_custom_1560400048039{padding-top: 0px !important;}&#8221;][vc_column_inner width=&#8221;3\/4&#8243;][\/vc_column_inner][vc_column_inner width=&#8221;1\/4&#8243;][vc_column_text] Kontakta oss [\/vc_column_text][\/vc_column_inner][\/vc_row_inner][\/vc_column][\/vc_row]\" \/>\n<meta property=\"og:url\" content=\"https:\/\/sprinteksas.lt\/en\/design-and-layout-services\/\" \/>\n<meta property=\"og:site_name\" content=\"Sprinteksas\" \/>\n<meta property=\"article:modified_time\" content=\"2026-01-28T08:34:23+00:00\" \/>\n<meta name=\"twitter:card\" content=\"summary_large_image\" \/>\n<meta name=\"twitter:label1\" content=\"Ber\u00e4knad l\u00e4stid\" \/>\n\t<meta name=\"twitter:data1\" content=\"2 minuter\" \/>\n<script type=\"application\/ld+json\" class=\"yoast-schema-graph\">{\"@context\":\"https:\/\/schema.org\",\"@graph\":[{\"@type\":\"WebPage\",\"@id\":\"https:\/\/sprinteksas.lt\/en\/design-and-layout-services\/\",\"url\":\"https:\/\/sprinteksas.lt\/en\/design-and-layout-services\/\",\"name\":\"[:lt]Dizaino ir maketavimo paslaugos[:en]Design and layout services[:sv]Design - och layouttj\u00e4nster[:] | Sprinteksas\",\"isPartOf\":{\"@id\":\"https:\/\/sprinteksas.lt\/#website\"},\"datePublished\":\"2019-06-13T05:40:38+00:00\",\"dateModified\":\"2026-01-28T08:34:23+00:00\",\"breadcrumb\":{\"@id\":\"https:\/\/sprinteksas.lt\/en\/design-and-layout-services\/#breadcrumb\"},\"inLanguage\":\"sv-SE\",\"potentialAction\":[{\"@type\":\"ReadAction\",\"target\":[\"https:\/\/sprinteksas.lt\/en\/design-and-layout-services\/\"]}]},{\"@type\":\"BreadcrumbList\",\"@id\":\"https:\/\/sprinteksas.lt\/en\/design-and-layout-services\/#breadcrumb\",\"itemListElement\":[{\"@type\":\"ListItem\",\"position\":1,\"name\":\"Prad\u017eia\",\"item\":\"https:\/\/sprinteksas.lt\/\"},{\"@type\":\"ListItem\",\"position\":2,\"name\":\"Design and layout services\"}]},{\"@type\":\"WebSite\",\"@id\":\"https:\/\/sprinteksas.lt\/#website\",\"url\":\"https:\/\/sprinteksas.lt\/\",\"name\":\"Sprinteksas\",\"description\":\"Reklamin\u0117s spaudos profesionalai\",\"potentialAction\":[{\"@type\":\"SearchAction\",\"target\":{\"@type\":\"EntryPoint\",\"urlTemplate\":\"https:\/\/sprinteksas.lt\/?s={search_term_string}\"},\"query-input\":{\"@type\":\"PropertyValueSpecification\",\"valueRequired\":true,\"valueName\":\"search_term_string\"}}],\"inLanguage\":\"sv-SE\"}]}<\/script>\n<!-- \/ Yoast SEO plugin. -->","yoast_head_json":{"title":"[:lt]Dizaino ir maketavimo paslaugos[:en]Design and layout services[:sv]Design - och layouttj\u00e4nster[:] | Sprinteksas","robots":{"index":"index","follow":"follow","max-snippet":"max-snippet:-1","max-image-preview":"max-image-preview:large","max-video-preview":"max-video-preview:-1"},"canonical":"https:\/\/sprinteksas.lt\/en\/design-and-layout-services\/","og_locale":"sv_SE","og_type":"article","og_title":"[:lt]Dizaino ir maketavimo paslaugos[:en]Design and layout services[:sv]Design - och layouttj\u00e4nster[:] | Sprinteksas","og_description":"[vc_row full_width=&#8221;stretch_row&#8221; css=&#8221;.vc_custom_1568370153461{margin-bottom: 100px !important;padding-top: 0% !important;padding-bottom: 6% !important;}&#8221; el_class=&#8221;our-services-1&#8243;][vc_column][vc_row_inner][vc_column_inner][\/vc_column_inner][\/vc_row_inner][\/vc_column][\/vc_row][vc_row full_width=&#8221;stretch_row&#8221; css=&#8221;.vc_custom_1560400122232{padding-top: 5% !important;padding-bottom: 1% !important;background-color: #f9f9f9 !important;}&#8221; el_id=&#8221;paslaugos&#8221;][vc_column css=&#8221;.vc_custom_1560400028709{padding-top: 0px !important;}&#8221;][vc_row_inner content_placement=&#8221;middle&#8221; css=&#8221;.vc_custom_1560400048039{padding-top: 0px !important;}&#8221;][vc_column_inner width=&#8221;3\/4&#8243;][\/vc_column_inner][vc_column_inner width=&#8221;1\/4&#8243;][vc_column_text] Kontakta oss [\/vc_column_text][\/vc_column_inner][\/vc_row_inner][\/vc_column][\/vc_row]","og_url":"https:\/\/sprinteksas.lt\/en\/design-and-layout-services\/","og_site_name":"Sprinteksas","article_modified_time":"2026-01-28T08:34:23+00:00","twitter_card":"summary_large_image","twitter_misc":{"Ber\u00e4knad l\u00e4stid":"2 minuter"},"schema":{"@context":"https:\/\/schema.org","@graph":[{"@type":"WebPage","@id":"https:\/\/sprinteksas.lt\/en\/design-and-layout-services\/","url":"https:\/\/sprinteksas.lt\/en\/design-and-layout-services\/","name":"[:lt]Dizaino ir maketavimo paslaugos[:en]Design and layout services[:sv]Design - och layouttj\u00e4nster[:] | Sprinteksas","isPartOf":{"@id":"https:\/\/sprinteksas.lt\/#website"},"datePublished":"2019-06-13T05:40:38+00:00","dateModified":"2026-01-28T08:34:23+00:00","breadcrumb":{"@id":"https:\/\/sprinteksas.lt\/en\/design-and-layout-services\/#breadcrumb"},"inLanguage":"sv-SE","potentialAction":[{"@type":"ReadAction","target":["https:\/\/sprinteksas.lt\/en\/design-and-layout-services\/"]}]},{"@type":"BreadcrumbList","@id":"https:\/\/sprinteksas.lt\/en\/design-and-layout-services\/#breadcrumb","itemListElement":[{"@type":"ListItem","position":1,"name":"Prad\u017eia","item":"https:\/\/sprinteksas.lt\/"},{"@type":"ListItem","position":2,"name":"Design and layout services"}]},{"@type":"WebSite","@id":"https:\/\/sprinteksas.lt\/#website","url":"https:\/\/sprinteksas.lt\/","name":"Sprinteksas","description":"Reklamin\u0117s spaudos profesionalai","potentialAction":[{"@type":"SearchAction","target":{"@type":"EntryPoint","urlTemplate":"https:\/\/sprinteksas.lt\/?s={search_term_string}"},"query-input":{"@type":"PropertyValueSpecification","valueRequired":true,"valueName":"search_term_string"}}],"inLanguage":"sv-SE"}]}},"_links":{"self":[{"href":"https:\/\/sprinteksas.lt\/sv\/wp-json\/wp\/v2\/pages\/1202","targetHints":{"allow":["GET"]}}],"collection":[{"href":"https:\/\/sprinteksas.lt\/sv\/wp-json\/wp\/v2\/pages"}],"about":[{"href":"https:\/\/sprinteksas.lt\/sv\/wp-json\/wp\/v2\/types\/page"}],"author":[{"embeddable":true,"href":"https:\/\/sprinteksas.lt\/sv\/wp-json\/wp\/v2\/users\/1"}],"replies":[{"embeddable":true,"href":"https:\/\/sprinteksas.lt\/sv\/wp-json\/wp\/v2\/comments?post=1202"}],"version-history":[{"count":10,"href":"https:\/\/sprinteksas.lt\/sv\/wp-json\/wp\/v2\/pages\/1202\/revisions"}],"predecessor-version":[{"id":1592,"href":"https:\/\/sprinteksas.lt\/sv\/wp-json\/wp\/v2\/pages\/1202\/revisions\/1592"}],"wp:attachment":[{"href":"https:\/\/sprinteksas.lt\/sv\/wp-json\/wp\/v2\/media?parent=1202"}],"curies":[{"name":"wp","href":"https:\/\/api.w.org\/{rel}","templated":true}]}}