{"id":1732,"date":"2022-09-26T02:48:52","date_gmt":"2022-09-26T04:48:52","guid":{"rendered":"https:\/\/sprinteksas.lt\/?page_id=1732"},"modified":"2026-01-28T06:32:02","modified_gmt":"2026-01-28T08:32:02","slug":"kokybes-ir-aplinkos-apsaugos-politika","status":"publish","type":"page","link":"https:\/\/sprinteksas.lt\/sv\/kokybes-ir-aplinkos-apsaugos-politika\/","title":{"rendered":"Kokyb\u0117s ir aplinkos apsaugos politika"},"content":{"rendered":"<p><\/p>\n<p>[vc_row][vc_column][vc_column_text]Mes esame \u012fmon\u0117 sutelkusi patyrusi\u0173 specialist\u0173 komand\u0105. Kliento u\u017esakymas atliekamas profesionaliai, kokybi\u0161kai ir operatyviai. Remdamiesi savo ilgamete patirtimi galime patarti savo klientui, kokias med\u017eiagas, klijus ar spalvas pasirinkti. I\u0161siskiriame tuo, kad mes galime suteikti piln\u0105 paslaug\u0173 paket\u0105: nuo projekto vizijos iki etike\u010di\u0173 ar kitos spaudos pristatymo. Esame savo srities specialistai, turima patirtis ir kasdieniai i\u0161\u0161\u016bkiai mums leid\u017eia b\u016bti i\u0161skirtiniais savo rinkoje.<\/p>\n<p>Geriausi atsiliepimai ir rekomendacijos i\u0161 klient\u0173 \u2013 tai m\u016bs\u0173 vizitin\u0117 kortel\u0117 Taip pat siekiame u\u017etikrinti, kad veikla b\u016bt\u0173 valdoma efektyviai ir stengiamasi kuo labiau suma\u017einti bet kok\u012f neigiam\u0105 poveik\u012f aplinkai.<\/p>\n<p>Siekiant u\u017esibr\u0117\u017et\u0173 tiksl\u0173 \u012fmon\u0117s auk\u0161\u010diausioji vadovyb\u0117:\u00b7\u00a0\u00a0\u00a0\u00a0\u00a0\u00a0\u00a0\u00a0 u\u017etikrina, kad integruotos vadybos sistemos pagal ISO 9001 ir ISO 14001 standart\u0173 reikalavimus politika b\u016bt\u0173 suprantama, \u012fgyvendinama, pri\u017ei\u016brima bei tinkama organizacijos nustatytai paskir\u010diai, strateginei kryp\u010diai bei nustatytiems integruotos vadybos sistemos tikslams;<\/p>\n<ul>\n<li>\u012fsipareigoja u\u017etikrinti nuolatin\u012f integruotos vadybos sistemos pagal ISO 9001 ir ISO 14001 standart\u0173 reikalavimus tobulinim\u0105 ir jos rezultatyvumo didinim\u0105;<\/li>\n<li>stengiasi atitikti ir vir\u0161yti klient\u0173 reikalavimus, kad produktai b\u016bt\u0173 auk\u0161\u010diausios kokyb\u0117s;<\/li>\n<li>siekia atitikti ir vykdyti prisiimtus \u012fsipareigojimus, teisinius \u012fsipareigojimus bei patenkinti suinteresuot\u0173 \u0161ali\u0173 reikalavimus;<\/li>\n<li>\u012fsipareigoja pagal galimybes saugoti aplink\u0105, \u012fskaitant tar\u0161os prevencij\u0105, ir jos resursus;<\/li>\n<li>siekia u\u017etikrinti, kad veikla b\u016bt\u0173 valdoma remiantis nustatyta strategine kryptimi ir stengiamasi kuo labiau ma\u017einti bet kok\u012f neigiam\u0105 poveik\u012f aplinkai.<\/li>\n<\/ul>\n<p>&nbsp;<\/p>\n<p>Direktor\u0117 Erika Jusevi\u010dien\u0117<br \/>\n2022 m. liepos 19 d.[\/vc_column_text][vc_row_inner][vc_column_inner width=&#8221;1\/4&#8243;][vc_single_image image=&#8221;1740&#8243; img_size=&#8221;full&#8221; onclick=&#8221;img_link_large&#8221; img_link_target=&#8221;_blank&#8221;][\/vc_column_inner][vc_column_inner width=&#8221;1\/4&#8243;][vc_single_image image=&#8221;1739&#8243; img_size=&#8221;full&#8221; onclick=&#8221;img_link_large&#8221; img_link_target=&#8221;_blank&#8221;][\/vc_column_inner][vc_column_inner width=&#8221;1\/4&#8243;][\/vc_column_inner][vc_column_inner width=&#8221;1\/4&#8243;][\/vc_column_inner][\/vc_row_inner][\/vc_column][\/vc_row]<\/p>\n<p><\/p>","protected":false},"excerpt":{"rendered":"<p>[vc_row][vc_column][vc_column_text]Mes esame \u012fmon\u0117 sutelkusi patyrusi\u0173 specialist\u0173 komand\u0105. Kliento u\u017esakymas atliekamas profesionaliai, kokybi\u0161kai ir operatyviai. Remdamiesi savo ilgamete patirtimi galime patarti savo klientui, kokias med\u017eiagas, klijus ar spalvas pasirinkti. I\u0161siskiriame tuo, kad mes galime suteikti piln\u0105 paslaug\u0173 paket\u0105: nuo projekto vizijos iki etike\u010di\u0173 ar kitos spaudos pristatymo. Esame savo srities specialistai, turima patirtis ir kasdieniai i\u0161\u0161\u016bkiai [&hellip;]<\/p>\n","protected":false},"author":1,"featured_media":0,"parent":0,"menu_order":0,"comment_status":"closed","ping_status":"closed","template":"","meta":{"footnotes":""},"class_list":["post-1732","page","type-page","status-publish","hentry","clearfix"],"yoast_head":"<!-- This site is optimized with the Yoast SEO plugin v24.3 - https:\/\/yoast.com\/wordpress\/plugins\/seo\/ -->\n<title>Kokyb\u0117s ir aplinkos apsaugos politika | Sprinteksas<\/title>\n<meta name=\"robots\" content=\"index, follow, max-snippet:-1, max-image-preview:large, max-video-preview:-1\" \/>\n<link rel=\"canonical\" href=\"https:\/\/sprinteksas.lt\/en\/kokybes-ir-aplinkos-apsaugos-politika\/\" \/>\n<meta property=\"og:locale\" content=\"sv_SE\" \/>\n<meta property=\"og:type\" content=\"article\" \/>\n<meta property=\"og:title\" content=\"Kokyb\u0117s ir aplinkos apsaugos politika | Sprinteksas\" \/>\n<meta property=\"og:description\" content=\"[vc_row][vc_column][vc_column_text]Mes esame \u012fmon\u0117 sutelkusi patyrusi\u0173 specialist\u0173 komand\u0105. Kliento u\u017esakymas atliekamas profesionaliai, kokybi\u0161kai ir operatyviai. Remdamiesi savo ilgamete patirtimi galime patarti savo klientui, kokias med\u017eiagas, klijus ar spalvas pasirinkti. I\u0161siskiriame tuo, kad mes galime suteikti piln\u0105 paslaug\u0173 paket\u0105: nuo projekto vizijos iki etike\u010di\u0173 ar kitos spaudos pristatymo. Esame savo srities specialistai, turima patirtis ir kasdieniai i\u0161\u0161\u016bkiai [&hellip;]\" \/>\n<meta property=\"og:url\" content=\"https:\/\/sprinteksas.lt\/en\/kokybes-ir-aplinkos-apsaugos-politika\/\" \/>\n<meta property=\"og:site_name\" content=\"Sprinteksas\" \/>\n<meta property=\"article:modified_time\" content=\"2026-01-28T08:32:02+00:00\" \/>\n<meta name=\"twitter:card\" content=\"summary_large_image\" \/>\n<meta name=\"twitter:label1\" content=\"Ber\u00e4knad l\u00e4stid\" \/>\n\t<meta name=\"twitter:data1\" content=\"3 minuter\" \/>\n<script type=\"application\/ld+json\" class=\"yoast-schema-graph\">{\"@context\":\"https:\/\/schema.org\",\"@graph\":[{\"@type\":\"WebPage\",\"@id\":\"https:\/\/sprinteksas.lt\/en\/kokybes-ir-aplinkos-apsaugos-politika\/\",\"url\":\"https:\/\/sprinteksas.lt\/en\/kokybes-ir-aplinkos-apsaugos-politika\/\",\"name\":\"Kokyb\u0117s ir aplinkos apsaugos politika | Sprinteksas\",\"isPartOf\":{\"@id\":\"https:\/\/sprinteksas.lt\/#website\"},\"datePublished\":\"2022-09-26T04:48:52+00:00\",\"dateModified\":\"2026-01-28T08:32:02+00:00\",\"breadcrumb\":{\"@id\":\"https:\/\/sprinteksas.lt\/en\/kokybes-ir-aplinkos-apsaugos-politika\/#breadcrumb\"},\"inLanguage\":\"sv-SE\",\"potentialAction\":[{\"@type\":\"ReadAction\",\"target\":[\"https:\/\/sprinteksas.lt\/en\/kokybes-ir-aplinkos-apsaugos-politika\/\"]}]},{\"@type\":\"BreadcrumbList\",\"@id\":\"https:\/\/sprinteksas.lt\/en\/kokybes-ir-aplinkos-apsaugos-politika\/#breadcrumb\",\"itemListElement\":[{\"@type\":\"ListItem\",\"position\":1,\"name\":\"Prad\u017eia\",\"item\":\"https:\/\/sprinteksas.lt\/\"},{\"@type\":\"ListItem\",\"position\":2,\"name\":\"Kokyb\u0117s ir aplinkos apsaugos politika\"}]},{\"@type\":\"WebSite\",\"@id\":\"https:\/\/sprinteksas.lt\/#website\",\"url\":\"https:\/\/sprinteksas.lt\/\",\"name\":\"Sprinteksas\",\"description\":\"Reklamin\u0117s spaudos profesionalai\",\"potentialAction\":[{\"@type\":\"SearchAction\",\"target\":{\"@type\":\"EntryPoint\",\"urlTemplate\":\"https:\/\/sprinteksas.lt\/?s={search_term_string}\"},\"query-input\":{\"@type\":\"PropertyValueSpecification\",\"valueRequired\":true,\"valueName\":\"search_term_string\"}}],\"inLanguage\":\"sv-SE\"}]}<\/script>\n<!-- \/ Yoast SEO plugin. -->","yoast_head_json":{"title":"Kokyb\u0117s ir aplinkos apsaugos politika | Sprinteksas","robots":{"index":"index","follow":"follow","max-snippet":"max-snippet:-1","max-image-preview":"max-image-preview:large","max-video-preview":"max-video-preview:-1"},"canonical":"https:\/\/sprinteksas.lt\/en\/kokybes-ir-aplinkos-apsaugos-politika\/","og_locale":"sv_SE","og_type":"article","og_title":"Kokyb\u0117s ir aplinkos apsaugos politika | Sprinteksas","og_description":"[vc_row][vc_column][vc_column_text]Mes esame \u012fmon\u0117 sutelkusi patyrusi\u0173 specialist\u0173 komand\u0105. Kliento u\u017esakymas atliekamas profesionaliai, kokybi\u0161kai ir operatyviai. Remdamiesi savo ilgamete patirtimi galime patarti savo klientui, kokias med\u017eiagas, klijus ar spalvas pasirinkti. I\u0161siskiriame tuo, kad mes galime suteikti piln\u0105 paslaug\u0173 paket\u0105: nuo projekto vizijos iki etike\u010di\u0173 ar kitos spaudos pristatymo. Esame savo srities specialistai, turima patirtis ir kasdieniai i\u0161\u0161\u016bkiai [&hellip;]","og_url":"https:\/\/sprinteksas.lt\/en\/kokybes-ir-aplinkos-apsaugos-politika\/","og_site_name":"Sprinteksas","article_modified_time":"2026-01-28T08:32:02+00:00","twitter_card":"summary_large_image","twitter_misc":{"Ber\u00e4knad l\u00e4stid":"3 minuter"},"schema":{"@context":"https:\/\/schema.org","@graph":[{"@type":"WebPage","@id":"https:\/\/sprinteksas.lt\/en\/kokybes-ir-aplinkos-apsaugos-politika\/","url":"https:\/\/sprinteksas.lt\/en\/kokybes-ir-aplinkos-apsaugos-politika\/","name":"Kokyb\u0117s ir aplinkos apsaugos politika | Sprinteksas","isPartOf":{"@id":"https:\/\/sprinteksas.lt\/#website"},"datePublished":"2022-09-26T04:48:52+00:00","dateModified":"2026-01-28T08:32:02+00:00","breadcrumb":{"@id":"https:\/\/sprinteksas.lt\/en\/kokybes-ir-aplinkos-apsaugos-politika\/#breadcrumb"},"inLanguage":"sv-SE","potentialAction":[{"@type":"ReadAction","target":["https:\/\/sprinteksas.lt\/en\/kokybes-ir-aplinkos-apsaugos-politika\/"]}]},{"@type":"BreadcrumbList","@id":"https:\/\/sprinteksas.lt\/en\/kokybes-ir-aplinkos-apsaugos-politika\/#breadcrumb","itemListElement":[{"@type":"ListItem","position":1,"name":"Prad\u017eia","item":"https:\/\/sprinteksas.lt\/"},{"@type":"ListItem","position":2,"name":"Kokyb\u0117s ir aplinkos apsaugos politika"}]},{"@type":"WebSite","@id":"https:\/\/sprinteksas.lt\/#website","url":"https:\/\/sprinteksas.lt\/","name":"Sprinteksas","description":"Reklamin\u0117s spaudos profesionalai","potentialAction":[{"@type":"SearchAction","target":{"@type":"EntryPoint","urlTemplate":"https:\/\/sprinteksas.lt\/?s={search_term_string}"},"query-input":{"@type":"PropertyValueSpecification","valueRequired":true,"valueName":"search_term_string"}}],"inLanguage":"sv-SE"}]}},"_links":{"self":[{"href":"https:\/\/sprinteksas.lt\/sv\/wp-json\/wp\/v2\/pages\/1732","targetHints":{"allow":["GET"]}}],"collection":[{"href":"https:\/\/sprinteksas.lt\/sv\/wp-json\/wp\/v2\/pages"}],"about":[{"href":"https:\/\/sprinteksas.lt\/sv\/wp-json\/wp\/v2\/types\/page"}],"author":[{"embeddable":true,"href":"https:\/\/sprinteksas.lt\/sv\/wp-json\/wp\/v2\/users\/1"}],"replies":[{"embeddable":true,"href":"https:\/\/sprinteksas.lt\/sv\/wp-json\/wp\/v2\/comments?post=1732"}],"version-history":[{"count":8,"href":"https:\/\/sprinteksas.lt\/sv\/wp-json\/wp\/v2\/pages\/1732\/revisions"}],"predecessor-version":[{"id":1877,"href":"https:\/\/sprinteksas.lt\/sv\/wp-json\/wp\/v2\/pages\/1732\/revisions\/1877"}],"wp:attachment":[{"href":"https:\/\/sprinteksas.lt\/sv\/wp-json\/wp\/v2\/media?parent=1732"}],"curies":[{"name":"wp","href":"https:\/\/api.w.org\/{rel}","templated":true}]}}