{"id":1764,"date":"2023-01-25T09:44:10","date_gmt":"2023-01-25T11:44:10","guid":{"rendered":"https:\/\/sprinteksas.lt\/?page_id=1764"},"modified":"2026-01-28T06:36:05","modified_gmt":"2026-01-28T08:36:05","slug":"pakavimo-medziagos","status":"publish","type":"page","link":"https:\/\/sprinteksas.lt\/sv\/forpackningsmaterial\/","title":{"rendered":"F\u00f6rpackningsmaterial"},"content":{"rendered":"<p>[vc_row full_width=&#8221;stretch_row&#8221; css=&#8221;.vc_custom_1560400246881{padding-top: 0% !important;padding-bottom: 6% !important;}&#8221; el_class=&#8221;our-services-1&#8243;][vc_column][vc_row_inner][vc_column_inner]                        <div class=\"  \">\n                <div class=\"banner-shortcode-wrap style_2 \">\n    <div class=\"banner-content-wrap clearfix right\">\n                    <div class=\"banner-image\">\n                <img decoding=\"async\" src=\"https:\/\/sprinteksas.lt\/wp-content\/uploads\/2019\/06\/Strec_rankinis.png\" alt=\"F\u00f6rpackningsfilm\">\n            <\/div>\n                <div class=\"banner-content-inner\">\n            <div class=\"banner-content\">\n                 \n                                    <h6 class=\"banner-title \">F\u00f6rpackningsfilm<span class=\"banner-sub-title\"><\/span><\/h6>\n                                                    <p class=\"banner-description\">Denna transparenta f\u00f6rpackningsfilm anv\u00e4nds i stor utstr\u00e4ckning, den k\u00e4nnetecknas av duktilitet, transparens, h\u00e5llbarhet. Kan vara anpassad f\u00f6r packning med maskin eller manuellt. Det \u00e4r s\u00e4rskilt bekv\u00e4mt n\u00e4r man vill packa flera artiklar i en grupp, genom att linda filmen runt pallen med last. Filmen kan ha text, logotyper. Vi kan erbjuda olika bredder och tjocklekar.<\/p>\n                            \n            <\/div>\n        <\/div>\n    <\/div>\n<\/div>            <\/div>\n                    [\/vc_column_inner][\/vc_row_inner][vc_row_inner][vc_column_inner]                        <div class=\"  \">\n                <div class=\"banner-shortcode-wrap style_2 \">\n    <div class=\"banner-content-wrap clearfix left\">\n                    <div class=\"banner-image\">\n                <img decoding=\"async\" src=\"https:\/\/sprinteksas.lt\/wp-content\/uploads\/2019\/07\/Automatin\u0117-pakavimo-pl\u0117vel\u0117.jpg\" alt=\"F\u00f6rpackningsfilm f\u00f6r \">\n            <\/div>\n                <div class=\"banner-content-inner\">\n            <div class=\"banner-content\">\n                 \n                                    <h6 class=\"banner-title \">F\u00f6rpackningsfilm f\u00f6r <span class=\"banner-sub-title\">automatisk f\u00f6rpackning<\/span><\/h6>\n                                                    <p class=\"banner-description\">F\u00f6rpackningsfilm f\u00f6r automatisk f\u00f6rpackning \u00e4r l\u00e4mplig f\u00f6r att packa stora laster eller hela pallar, s\u00e4kra och skydda dem under transport. Den \u00e4r tillverkad av LLDPE (Linear Low Density Polyeten) och \u00e4r avsedd f\u00f6r maskinf\u00f6rpackning. Filmen \u00e4r tillverkad av h\u00f6gkvalitativa komponenter och har en flerskiktsstruktur med f\u00f6ljande egenskaper - best\u00e4ndighet mot skarpa ut\u00e5tg\u00e5ende h\u00f6rn, dragh\u00e5llfasthet. Standardfilmelasticiteten \u00e4r 150%.<\/p>\n                            \n            <\/div>\n        <\/div>\n    <\/div>\n<\/div>            <\/div>\n                    [\/vc_column_inner][\/vc_row_inner][vc_row_inner][vc_column_inner]                        <div class=\"  \">\n                <div class=\"banner-shortcode-wrap style_2 \">\n    <div class=\"banner-content-wrap clearfix right\">\n                    <div class=\"banner-image\">\n                <img decoding=\"async\" src=\"https:\/\/sprinteksas.lt\/wp-content\/uploads\/2019\/06\/pvc-plevele.jpg\" alt=\"Termisk \">\n            <\/div>\n                <div class=\"banner-content-inner\">\n            <div class=\"banner-content\">\n                 \n                                    <h6 class=\"banner-title \">Termisk <span class=\"banner-sub-title\">krympfilm<\/span><\/h6>\n                                                    <p class=\"banner-description\">Den \u00e4r mjuk, mycket punkteringsbest\u00e4ndig, transparent och blank. Tack vare det t\u00e4cker produkten in \u00e4ven produkter i oregelbunden form. Denna film \u00e4r enkel att anv\u00e4nda och passar alla typer av automatiska och halvautomatiska f\u00f6rpackningsmaskiner. Filmen kan vara av tv\u00e5 typer: halv\u00e4rm eller band.<\/p>\n                            \n            <\/div>\n        <\/div>\n    <\/div>\n<\/div>            <\/div>\n                    [\/vc_column_inner][\/vc_row_inner][vc_row_inner][vc_column_inner]                        <div class=\"  \">\n                <div class=\"banner-shortcode-wrap style_2 \">\n    <div class=\"banner-content-wrap clearfix left\">\n                    <div class=\"banner-image\">\n                <img decoding=\"async\" src=\"https:\/\/sprinteksas.lt\/wp-content\/uploads\/2019\/07\/Poliolefinin\u0117-termo-susitraukianti-pl\u0117vel\u0117.jpg\" alt=\"Polyolefin termisk \">\n            <\/div>\n                <div class=\"banner-content-inner\">\n            <div class=\"banner-content\">\n                 \n                                    <h6 class=\"banner-title \">Polyolefin termisk <span class=\"banner-sub-title\">krympfilm<\/span><\/h6>\n                                                    <p class=\"banner-description\">Polyolefin \u00e4r en tv\u00e4rbunden krympfilm. Den \u00e4r mjuk, mycket punkteringsbest\u00e4ndig, mycket genomskinlig och blank. Den kapslar j\u00e4mnt in en produkt i oregelbunden format. Denna film \u00e4r enkel att anv\u00e4nda och passar f\u00f6r alla typer av automatiska och halvautomatiska f\u00f6rpackningsmaskiner. Filmen kan vara av tv\u00e5 typer: halv\u00e4rm eller band. Halv \u00e4rm anv\u00e4nds f\u00f6r att bilda ett slutet paket, vid f\u00f6rpackning av enstaka produkter eller produktgrupper. Band \u00e4r avsett f\u00f6r att bilda ett slutet eller delvis slutet paket.<\/p>\n                            \n            <\/div>\n        <\/div>\n    <\/div>\n<\/div>            <\/div>\n                    [\/vc_column_inner][\/vc_row_inner][vc_row_inner][vc_column_inner]                        <div class=\"  \">\n                <div class=\"banner-shortcode-wrap style_2 \">\n    <div class=\"banner-content-wrap clearfix right\">\n                    <div class=\"banner-image\">\n                <img decoding=\"async\" src=\"https:\/\/sprinteksas.lt\/wp-content\/uploads\/2019\/07\/Lipni-juosta-su-spauda.jpg\" alt=\"Sj\u00e4lvh\u00e4ftande tejp \">\n            <\/div>\n                <div class=\"banner-content-inner\">\n            <div class=\"banner-content\">\n                 \n                                    <h6 class=\"banner-title \">Sj\u00e4lvh\u00e4ftande tejp <span class=\"banner-sub-title\">med tryck<\/span><\/h6>\n                                                    <p class=\"banner-description\">Den anv\u00e4nds f\u00f6r att f\u00f6rsegla l\u00e5dor eller annan f\u00f6rpackning. Flera typer av lim finns tillg\u00e4ngliga. Akryl \u00e4r det billigaste limet. UV-best\u00e4ndig, passar f\u00f6r l\u00e5ngvarig lagring och det kr\u00e4ver en ren yta. Syntetiskt gummi - har en stark initial vidh\u00e4ftning, \u00e4r idealisk f\u00f6r l\u00e5df\u00f6rsegling, f\u00e4ster inte p\u00e5 plastytor. Naturgummi - det f\u00e4ster vid olika ytor, \u00e4r fuktbest\u00e4ndigt och best\u00e4ndigt mot negativa temperaturer. Flera material \u00e4r tillg\u00e4ngliga: PP-tejp \u2013 ett ljud h\u00f6rs n\u00e4r man rullar ut tejpen. PVC sj\u00e4lvh\u00e4ftande tejp \u2013 rullas ut utan n\u00e5got ljud, \u00e4r tjockare och mer h\u00e5llbar \u00e4n PP.<\/p>\n                            \n            <\/div>\n        <\/div>\n    <\/div>\n<\/div>            <\/div>\n                    [\/vc_column_inner][\/vc_row_inner][\/vc_column][\/vc_row][vc_row full_width=&#8221;stretch_row&#8221; css=&#8221;.vc_custom_1560400122232{padding-top: 5% !important;padding-bottom: 1% !important;background-color: #f9f9f9 !important;}&#8221; el_id=&#8221;paslaugos&#8221;][vc_column css=&#8221;.vc_custom_1560400028709{padding-top: 0px !important;}&#8221;][vc_row_inner content_placement=&#8221;middle&#8221; css=&#8221;.vc_custom_1560400048039{padding-top: 0px !important;}&#8221;][vc_column_inner width=&#8221;3\/4&#8243;]            \n            <div class=\" \">\n                    <div class=\"icon-box-shortcode-wrap style_5 \">\n        <div class=\"icon-box-container\">\n                    <div class=\"icon-wrap\" style=\"color:#ef6b01\">\n                <span class=\"vc-oi vc-oi-comment\"><\/span>\n            <\/div>    \n                    <div class=\"icon-content\">\n                <h5 class=\"icon-title\">\n                                        Intresserad av v\u00e5ra tj\u00e4nster?                                     <\/h5>\n                <p class=\"icon-description\"><\/p>\n            <\/div>\n        <\/div>\n    <\/div>\n            <\/div>\n            \n        [\/vc_column_inner][vc_column_inner width=&#8221;1\/4&#8243;][vc_column_text]<\/p>\n<p style=\"text-align: right;\"><a class=\"revo_button_1\" href=\"\/kontaktai\">Kontakta oss<\/a><\/p>\n<p>[\/vc_column_text][\/vc_column_inner][\/vc_row_inner][\/vc_column][\/vc_row]<\/p>","protected":false},"excerpt":{"rendered":"<p>[vc_row full_width=&#8221;stretch_row&#8221; css=&#8221;.vc_custom_1560400246881{padding-top: 0% !important;padding-bottom: 6% !important;}&#8221; el_class=&#8221;our-services-1&#8243;][vc_column][vc_row_inner][vc_column_inner][\/vc_column_inner][\/vc_row_inner][vc_row_inner][vc_column_inner][\/vc_column_inner][\/vc_row_inner][vc_row_inner][vc_column_inner][\/vc_column_inner][\/vc_row_inner][vc_row_inner][vc_column_inner][\/vc_column_inner][\/vc_row_inner][vc_row_inner][vc_column_inner][\/vc_column_inner][\/vc_row_inner][\/vc_column][\/vc_row][vc_row full_width=&#8221;stretch_row&#8221; css=&#8221;.vc_custom_1560400122232{padding-top: 5% !important;padding-bottom: 1% !important;background-color: #f9f9f9 !important;}&#8221; el_id=&#8221;paslaugos&#8221;][vc_column css=&#8221;.vc_custom_1560400028709{padding-top: 0px !important;}&#8221;][vc_row_inner content_placement=&#8221;middle&#8221; css=&#8221;.vc_custom_1560400048039{padding-top: 0px !important;}&#8221;][vc_column_inner width=&#8221;3\/4&#8243;][\/vc_column_inner][vc_column_inner width=&#8221;1\/4&#8243;][vc_column_text] Kontakta oss [\/vc_column_text][\/vc_column_inner][\/vc_row_inner][\/vc_column][\/vc_row]<\/p>\n","protected":false},"author":2,"featured_media":0,"parent":0,"menu_order":0,"comment_status":"closed","ping_status":"closed","template":"","meta":{"footnotes":""},"class_list":["post-1764","page","type-page","status-publish","hentry","clearfix"],"yoast_head":"<!-- This site is optimized with the Yoast SEO plugin v24.3 - https:\/\/yoast.com\/wordpress\/plugins\/seo\/ -->\n<title>F\u00f6rpackningsmaterial | Sprinteksas<\/title>\n<meta name=\"description\" content=\"Pakavimo pl\u0117vel\u0117s u\u017e patraukli\u0105 kain\u0105. Kokybi\u0161ka vyniojimo, pakavimo stretch plevel\u0117 rankiniam naudojimui, viena i\u0161 universaliausi\u0173 pakavimo med\u017eiag\u0173.\" \/>\n<meta name=\"robots\" content=\"index, follow, max-snippet:-1, max-image-preview:large, max-video-preview:-1\" \/>\n<link rel=\"canonical\" href=\"https:\/\/sprinteksas.lt\/en\/packaging-supplies\/\" \/>\n<meta property=\"og:locale\" content=\"sv_SE\" \/>\n<meta property=\"og:type\" content=\"article\" \/>\n<meta property=\"og:title\" content=\"[:lt]Pakavimo med\u017eiagos[:en]Packaging supplies[:sv] F\u00f6rpackningsmaterial[:] | Sprinteksas\" \/>\n<meta property=\"og:description\" content=\"Pakavimo pl\u0117vel\u0117s u\u017e patraukli\u0105 kain\u0105. Kokybi\u0161ka vyniojimo, pakavimo stretch plevel\u0117 rankiniam naudojimui, viena i\u0161 universaliausi\u0173 pakavimo med\u017eiag\u0173.\" \/>\n<meta property=\"og:url\" content=\"https:\/\/sprinteksas.lt\/en\/packaging-supplies\/\" \/>\n<meta property=\"og:site_name\" content=\"Sprinteksas\" \/>\n<meta property=\"article:modified_time\" content=\"2026-01-28T08:36:05+00:00\" \/>\n<meta name=\"twitter:card\" content=\"summary_large_image\" \/>\n<meta name=\"twitter:label1\" content=\"Ber\u00e4knad l\u00e4stid\" \/>\n\t<meta name=\"twitter:data1\" content=\"6 minuter\" \/>\n<script type=\"application\/ld+json\" class=\"yoast-schema-graph\">{\"@context\":\"https:\/\/schema.org\",\"@graph\":[{\"@type\":\"WebPage\",\"@id\":\"https:\/\/sprinteksas.lt\/en\/packaging-supplies\/\",\"url\":\"https:\/\/sprinteksas.lt\/en\/packaging-supplies\/\",\"name\":\"[:lt]Pakavimo med\u017eiagos[:en]Packaging supplies[:sv] F\u00f6rpackningsmaterial[:] | Sprinteksas\",\"isPartOf\":{\"@id\":\"https:\/\/sprinteksas.lt\/#website\"},\"datePublished\":\"2023-01-25T11:44:10+00:00\",\"dateModified\":\"2026-01-28T08:36:05+00:00\",\"description\":\"Pakavimo pl\u0117vel\u0117s u\u017e patraukli\u0105 kain\u0105. Kokybi\u0161ka vyniojimo, pakavimo stretch plevel\u0117 rankiniam naudojimui, viena i\u0161 universaliausi\u0173 pakavimo med\u017eiag\u0173.\",\"breadcrumb\":{\"@id\":\"https:\/\/sprinteksas.lt\/en\/packaging-supplies\/#breadcrumb\"},\"inLanguage\":\"sv-SE\",\"potentialAction\":[{\"@type\":\"ReadAction\",\"target\":[\"https:\/\/sprinteksas.lt\/en\/packaging-supplies\/\"]}]},{\"@type\":\"BreadcrumbList\",\"@id\":\"https:\/\/sprinteksas.lt\/en\/packaging-supplies\/#breadcrumb\",\"itemListElement\":[{\"@type\":\"ListItem\",\"position\":1,\"name\":\"Prad\u017eia\",\"item\":\"https:\/\/sprinteksas.lt\/\"},{\"@type\":\"ListItem\",\"position\":2,\"name\":\"Packaging supplies\"}]},{\"@type\":\"WebSite\",\"@id\":\"https:\/\/sprinteksas.lt\/#website\",\"url\":\"https:\/\/sprinteksas.lt\/\",\"name\":\"Sprinteksas\",\"description\":\"Reklamin\u0117s spaudos profesionalai\",\"potentialAction\":[{\"@type\":\"SearchAction\",\"target\":{\"@type\":\"EntryPoint\",\"urlTemplate\":\"https:\/\/sprinteksas.lt\/?s={search_term_string}\"},\"query-input\":{\"@type\":\"PropertyValueSpecification\",\"valueRequired\":true,\"valueName\":\"search_term_string\"}}],\"inLanguage\":\"sv-SE\"}]}<\/script>\n<!-- \/ Yoast SEO plugin. -->","yoast_head_json":{"title":"[:lt]Pakavimo med\u017eiagos[:en]Packaging supplies[:sv] F\u00f6rpackningsmaterial[:] | Sprinteksas","description":"Pakavimo pl\u0117vel\u0117s u\u017e patraukli\u0105 kain\u0105. Kokybi\u0161ka vyniojimo, pakavimo stretch plevel\u0117 rankiniam naudojimui, viena i\u0161 universaliausi\u0173 pakavimo med\u017eiag\u0173.","robots":{"index":"index","follow":"follow","max-snippet":"max-snippet:-1","max-image-preview":"max-image-preview:large","max-video-preview":"max-video-preview:-1"},"canonical":"https:\/\/sprinteksas.lt\/en\/packaging-supplies\/","og_locale":"sv_SE","og_type":"article","og_title":"[:lt]Pakavimo med\u017eiagos[:en]Packaging supplies[:sv] F\u00f6rpackningsmaterial[:] | Sprinteksas","og_description":"Pakavimo pl\u0117vel\u0117s u\u017e patraukli\u0105 kain\u0105. Kokybi\u0161ka vyniojimo, pakavimo stretch plevel\u0117 rankiniam naudojimui, viena i\u0161 universaliausi\u0173 pakavimo med\u017eiag\u0173.","og_url":"https:\/\/sprinteksas.lt\/en\/packaging-supplies\/","og_site_name":"Sprinteksas","article_modified_time":"2026-01-28T08:36:05+00:00","twitter_card":"summary_large_image","twitter_misc":{"Ber\u00e4knad l\u00e4stid":"6 minuter"},"schema":{"@context":"https:\/\/schema.org","@graph":[{"@type":"WebPage","@id":"https:\/\/sprinteksas.lt\/en\/packaging-supplies\/","url":"https:\/\/sprinteksas.lt\/en\/packaging-supplies\/","name":"[:lt]Pakavimo med\u017eiagos[:en]Packaging supplies[:sv] F\u00f6rpackningsmaterial[:] | Sprinteksas","isPartOf":{"@id":"https:\/\/sprinteksas.lt\/#website"},"datePublished":"2023-01-25T11:44:10+00:00","dateModified":"2026-01-28T08:36:05+00:00","description":"Pakavimo pl\u0117vel\u0117s u\u017e patraukli\u0105 kain\u0105. Kokybi\u0161ka vyniojimo, pakavimo stretch plevel\u0117 rankiniam naudojimui, viena i\u0161 universaliausi\u0173 pakavimo med\u017eiag\u0173.","breadcrumb":{"@id":"https:\/\/sprinteksas.lt\/en\/packaging-supplies\/#breadcrumb"},"inLanguage":"sv-SE","potentialAction":[{"@type":"ReadAction","target":["https:\/\/sprinteksas.lt\/en\/packaging-supplies\/"]}]},{"@type":"BreadcrumbList","@id":"https:\/\/sprinteksas.lt\/en\/packaging-supplies\/#breadcrumb","itemListElement":[{"@type":"ListItem","position":1,"name":"Prad\u017eia","item":"https:\/\/sprinteksas.lt\/"},{"@type":"ListItem","position":2,"name":"Packaging supplies"}]},{"@type":"WebSite","@id":"https:\/\/sprinteksas.lt\/#website","url":"https:\/\/sprinteksas.lt\/","name":"Sprinteksas","description":"Reklamin\u0117s spaudos profesionalai","potentialAction":[{"@type":"SearchAction","target":{"@type":"EntryPoint","urlTemplate":"https:\/\/sprinteksas.lt\/?s={search_term_string}"},"query-input":{"@type":"PropertyValueSpecification","valueRequired":true,"valueName":"search_term_string"}}],"inLanguage":"sv-SE"}]}},"_links":{"self":[{"href":"https:\/\/sprinteksas.lt\/sv\/wp-json\/wp\/v2\/pages\/1764","targetHints":{"allow":["GET"]}}],"collection":[{"href":"https:\/\/sprinteksas.lt\/sv\/wp-json\/wp\/v2\/pages"}],"about":[{"href":"https:\/\/sprinteksas.lt\/sv\/wp-json\/wp\/v2\/types\/page"}],"author":[{"embeddable":true,"href":"https:\/\/sprinteksas.lt\/sv\/wp-json\/wp\/v2\/users\/2"}],"replies":[{"embeddable":true,"href":"https:\/\/sprinteksas.lt\/sv\/wp-json\/wp\/v2\/comments?post=1764"}],"version-history":[{"count":2,"href":"https:\/\/sprinteksas.lt\/sv\/wp-json\/wp\/v2\/pages\/1764\/revisions"}],"predecessor-version":[{"id":1766,"href":"https:\/\/sprinteksas.lt\/sv\/wp-json\/wp\/v2\/pages\/1764\/revisions\/1766"}],"wp:attachment":[{"href":"https:\/\/sprinteksas.lt\/sv\/wp-json\/wp\/v2\/media?parent=1764"}],"curies":[{"name":"wp","href":"https:\/\/api.w.org\/{rel}","templated":true}]}}